{"id":1139,"date":"2013-09-27T13:19:21","date_gmt":"2013-09-27T12:19:21","guid":{"rendered":"http:\/\/www.tormaxx.de\/?page_id=1139"},"modified":"2014-02-27T10:03:01","modified_gmt":"2014-02-27T09:03:01","slug":"motion-f5","status":"publish","type":"page","link":"http:\/\/www.tormaxx.de\/?page_id=1139","title":{"rendered":"CMS &#8211; Motion C5\/F5"},"content":{"rendered":"<div style=\"float: left; width: 630px;\">\n<h1>Car Mount System<br \/>\nTX-C5\/F5<\/h1>\n<h3>Der feste Halt f\u00fcr Ihre mobilen Prozesse<\/h3>\n<p><\/p>\n<ul>\n<li>Armaturenbrett-Einbau mit ABE<\/li>\n<li>Einfache Einhand-Bedienung<\/li>\n<li>Sicherer Transport und ergonomische Nutzung<\/li>\n<li>Auch als Version f\u00fcr den TORMAXX Camotec Vario 2 erh\u00e4ltlich<\/li>\n<li>In vielen Flotten bew\u00e4hrt<\/li>\n<\/ul>\n<p><span>Der feste Halt f\u00fcr Ihre mobilen Prozesse. Mobile Office Solution mit Motion-Komponenten C5\/F5.<\/span><\/p>\n<p>Das Car Mount System CMS f\u00fcr Motion C5\/F5 bietet mit minimaler Gr\u00f6\u00dfe die gr\u00f6\u00dftm\u00f6gliche Funktionalit\u00e4t.<\/p>\n<p>Einfach eingedockt und mit einer Handbewegung verriegelt ist der Motion C5\/F5 T\u00dcV gepr\u00fcft am Aramaturenbrett positioniert.<\/p>\n<p>Die vorliegende ABE des Kraftfahrtbundesamtes macht das CMS zur Referenz in Sachen Sicherheit.<\/p>\n<p>Das Car Mount System f\u00fcr Motion F5 ist mit integrierter Ladefunktion ausgestattet. Optional ist eine Erweiterung auf zus\u00e4tzliche Schnittstellen m\u00f6glich.\n<\/p><\/div>\n<div style=\"float: left; width: 310px; vertical-align: middle; text-align: right;\"><img decoding=\"async\" class=\"alignnone size-full wp-image-535\" style=\"vertical-align: middle;\" alt=\"produkte_camotec_1\" src=\"http:\/\/www.tormaxx.de\/wp-content\/uploads\/2013\/09\/Motion_ohne_cpu.jpg\" width=\"270\" \/><\/p>\n<div style=\"text-align: left; padding-left: 39px; margin-top: -25px;\"><img loading=\"lazy\" decoding=\"async\" class=\"alignnone size-full wp-image-545\" style=\"vertical-align: middle;\" alt=\"figure_title\" src=\"http:\/\/www.tormaxx.de\/wp-content\/uploads\/2013\/03\/figure_title.png\" width=\"12\" height=\"8\" \/><span>TX-C5\/F5<\/span><\/div>\n<p><img decoding=\"async\" class=\"alignnone size-full wp-image-533\" style=\"margin-top: 15px;\" alt=\"produkte-camotec_2\" src=\"http:\/\/www.tormaxx.de\/wp-content\/uploads\/2013\/09\/Motion_im_auto.jpg\" width=\"270\" \/><\/p>\n<div style=\"text-align: left; padding-left: 39px; margin-top: -25px;\"><img loading=\"lazy\" decoding=\"async\" class=\"alignnone size-full wp-image-545\" style=\"vertical-align: middle;\" alt=\"figure_title\" src=\"http:\/\/www.tormaxx.de\/wp-content\/uploads\/2013\/03\/figure_title.png\" width=\"12\" height=\"8\" \/><span>Einbau eines Motion C5\/F5<\/span><\/div>\n<p><img decoding=\"async\" class=\"alignnone size-full wp-image-534\" style=\"margin-top: 15px;\" alt=\"produkte_camotec_3\" src=\"http:\/\/www.tormaxx.de\/wp-content\/uploads\/2013\/09\/Motion_mit_cpu.jpg\" width=\"270\" \/><\/p>\n<div style=\"text-align: left; padding-left: 39px; margin-top: -25px;\"><img loading=\"lazy\" decoding=\"async\" class=\"alignnone size-full wp-image-545\" style=\"vertical-align: middle;\" alt=\"figure_title\" src=\"http:\/\/www.tormaxx.de\/wp-content\/uploads\/2013\/03\/figure_title.png\" width=\"12\" height=\"8\" \/><span>TX-C5\/F5 mit Motion <\/span><\/div>\n<\/div>\n","protected":false},"excerpt":{"rendered":"<p>Car Mount System TX-C5\/F5 Der feste Halt f\u00fcr Ihre mobilen Prozesse Armaturenbrett-Einbau mit ABE Einfache Einhand-Bedienung Sicherer Transport und ergonomische Nutzung Auch als Version f\u00fcr den TORMAXX Camotec Vario 2 erh\u00e4ltlich In vielen Flotten bew\u00e4hrt Der feste Halt f\u00fcr Ihre mobilen Prozesse. Mobile Office Solution mit Motion-Komponenten C5\/F5. Das Car Mount System CMS f\u00fcr Motion C5\/F5 bietet mit minimaler Gr\u00f6\u00dfe&nbsp;<a href=\"http:\/\/www.tormaxx.de\/?page_id=1139\" class=\"read-more\">Continue Reading<\/a><\/p>\n","protected":false},"author":1,"featured_media":0,"parent":0,"menu_order":0,"comment_status":"open","ping_status":"open","template":"page-fullwidth.php","meta":{"footnotes":""},"class_list":["post-1139","page","type-page","status-publish","hentry"],"_links":{"self":[{"href":"http:\/\/www.tormaxx.de\/index.php?rest_route=\/wp\/v2\/pages\/1139","targetHints":{"allow":["GET"]}}],"collection":[{"href":"http:\/\/www.tormaxx.de\/index.php?rest_route=\/wp\/v2\/pages"}],"about":[{"href":"http:\/\/www.tormaxx.de\/index.php?rest_route=\/wp\/v2\/types\/page"}],"author":[{"embeddable":true,"href":"http:\/\/www.tormaxx.de\/index.php?rest_route=\/wp\/v2\/users\/1"}],"replies":[{"embeddable":true,"href":"http:\/\/www.tormaxx.de\/index.php?rest_route=%2Fwp%2Fv2%2Fcomments&post=1139"}],"version-history":[{"count":7,"href":"http:\/\/www.tormaxx.de\/index.php?rest_route=\/wp\/v2\/pages\/1139\/revisions"}],"predecessor-version":[{"id":1352,"href":"http:\/\/www.tormaxx.de\/index.php?rest_route=\/wp\/v2\/pages\/1139\/revisions\/1352"}],"wp:attachment":[{"href":"http:\/\/www.tormaxx.de\/index.php?rest_route=%2Fwp%2Fv2%2Fmedia&parent=1139"}],"curies":[{"name":"wp","href":"https:\/\/api.w.org\/{rel}","templated":true}]}}