{"id":1181,"date":"2013-10-02T11:06:48","date_gmt":"2013-10-02T10:06:48","guid":{"rendered":"http:\/\/www.tormaxx.de\/?page_id=1181"},"modified":"2014-02-27T17:49:28","modified_gmt":"2014-02-27T16:49:28","slug":"car-mount-systeme-panasonic","status":"publish","type":"page","link":"http:\/\/www.tormaxx.de\/?page_id=1181","title":{"rendered":"Car Mount Systeme &#8211; Panasonic"},"content":{"rendered":"<h1>Car Mount Systeme f\u00fcr Panasonic<\/h1>\n<h3>Der sichere Halt an Ihrem mobilem Arbeitsplatz<\/h3>\n<p>Auf der folgenden Seite bekommen Sie Informationen \u00fcber die Mobile PC Solutions Produkte f\u00fcr verschiedene Getac Modelle.<br \/>\nF\u00fcr die Firma Bofrost wurde im Jahr 2000 ein Mobile Mounting System f\u00fcr PC und Drucker entwickelt. Dieses System wurde bis heute 8000 Mal produziert. Im Zuge dieser Zusammenarbeit entwickelt sich die TORMAXX<sup>&reg;<\/sup> GmbH zu einem L\u00f6sungsanbieter f\u00fcr Anforderungen bei mobilen Computer Anwendungen. In den letzten Jahren wurde das Know-how in vielen Bereichen perfektioniert. Heute werden, von Vibrationstests auf eigenes von TORMAXX<sup>&reg;<\/sup> GmbH entwickelten Vorrichtungen, bis hin zur Modifizierung von elektronischen Schaltungen, alle Projektschritte inhouse von TORMAXX<sup>&reg;<\/sup> GmbH selbst erledigt.<\/p>\n<table>\n<tbody>\n<tr>\n<td style=\"padding:26px; width:176px; height:176px; background-image:url(http:\/\/www.tormaxx.de\/wp-content\/uploads\/2013\/09\/bg_ref_white.png); background-repeat:no-repeat; background-position:50% 50%;\">\n       <a href=\"http:\/\/www.tormaxx.de\/?page_id=1130\"><img decoding=\"async\" src=\"http:\/\/www.tormaxx.de\/wp-content\/uploads\/2013\/03\/tx_panasonic_cf19.png\"\/><\/a>\n<\/td>\n<td style=\"padding:26px; width:176px; height:176px; background-image:url(http:\/\/www.tormaxx.de\/wp-content\/uploads\/2013\/09\/bg_ref_white.png); background-repeat:no-repeat; background-position:50% 50%;\">\n       <a href=\"http:\/\/www.tormaxx.de\/?page_id=1135\"><img decoding=\"async\" src=\"http:\/\/www.tormaxx.de\/wp-content\/uploads\/2013\/03\/tx_panasonic_fza1.png\"\/><\/a>\n   <\/td>\n<td>\n   <\/td>\n<td>\n   <\/td>\n<\/tr>\n<tr>\n<td style=\"padding-left:26px; padding-right:26px; width:176px; height:26px;\">\n       <center><b>Panasonic CF-19\/08<\/b><\/center>\n<\/td>\n<td style=\"padding-left:26px; padding-right:26px; width:176px; height:26px;\">\n       <center><b>Panasonic FZ-A1<\/b><\/center>\n<\/td>\n<td style=\"padding-left:26px; padding-right:26px; width:176px; height:26px;\">\n       <center><b>&nbsp;<\/b><\/center>\n<\/td>\n<td style=\"padding-left:26px; padding-right:26px; width:176px; height:26px;\">\n       <center><b>&nbsp;<\/b><\/center>\n<\/td>\n<\/tr>\n<\/tbody>\n<\/table>\n","protected":false},"excerpt":{"rendered":"<p>Car Mount Systeme f\u00fcr Panasonic Der sichere Halt an Ihrem mobilem Arbeitsplatz Auf der folgenden Seite bekommen Sie Informationen \u00fcber die Mobile PC Solutions Produkte f\u00fcr verschiedene Getac Modelle. F\u00fcr die Firma Bofrost wurde im Jahr 2000 ein Mobile Mounting System f\u00fcr PC und Drucker entwickelt. Dieses System wurde bis heute 8000 Mal produziert. Im Zuge dieser Zusammenarbeit entwickelt sich&nbsp;<a href=\"http:\/\/www.tormaxx.de\/?page_id=1181\" class=\"read-more\">Continue Reading<\/a><\/p>\n","protected":false},"author":1,"featured_media":0,"parent":0,"menu_order":0,"comment_status":"open","ping_status":"open","template":"page-fullwidth.php","meta":{"footnotes":""},"class_list":["post-1181","page","type-page","status-publish","hentry"],"_links":{"self":[{"href":"http:\/\/www.tormaxx.de\/index.php?rest_route=\/wp\/v2\/pages\/1181","targetHints":{"allow":["GET"]}}],"collection":[{"href":"http:\/\/www.tormaxx.de\/index.php?rest_route=\/wp\/v2\/pages"}],"about":[{"href":"http:\/\/www.tormaxx.de\/index.php?rest_route=\/wp\/v2\/types\/page"}],"author":[{"embeddable":true,"href":"http:\/\/www.tormaxx.de\/index.php?rest_route=\/wp\/v2\/users\/1"}],"replies":[{"embeddable":true,"href":"http:\/\/www.tormaxx.de\/index.php?rest_route=%2Fwp%2Fv2%2Fcomments&post=1181"}],"version-history":[{"count":9,"href":"http:\/\/www.tormaxx.de\/index.php?rest_route=\/wp\/v2\/pages\/1181\/revisions"}],"predecessor-version":[{"id":1406,"href":"http:\/\/www.tormaxx.de\/index.php?rest_route=\/wp\/v2\/pages\/1181\/revisions\/1406"}],"wp:attachment":[{"href":"http:\/\/www.tormaxx.de\/index.php?rest_route=%2Fwp%2Fv2%2Fmedia&parent=1181"}],"curies":[{"name":"wp","href":"https:\/\/api.w.org\/{rel}","templated":true}]}}