{"id":1255,"date":"2013-10-29T14:40:02","date_gmt":"2013-10-29T13:40:02","guid":{"rendered":"http:\/\/www.tormaxx.de\/?page_id=1255"},"modified":"2014-02-27T11:36:10","modified_gmt":"2014-02-27T10:36:10","slug":"tormaxx-camotec","status":"publish","type":"page","link":"http:\/\/www.tormaxx.de\/?page_id=1255","title":{"rendered":"CMS &#8211; Camotec"},"content":{"rendered":"<div style=\"float: left; width: 630px;\">\n<h1>CAMOTEC VARIO<\/h1>\n<h3>Im Einsatz garantiert auf der sicheren Seite!<\/h3>\n<p><\/p>\n<ul>\n<li>Einfache Handhabung<\/li>\n<li>T\u00dcV gepr\u00fcfte Sicherheit<\/li>\n<li>In Sekunden einsatzbereit<\/li>\n<li>Unbegrenzte Mobilit\u00e4t<\/li>\n<li>Montage in fast allen Fahrzeugen m\u00f6glich<\/li>\n<li>Optimale Installation vor Ort<\/li>\n<\/ul>\n<p>\t<span>Das Camotec Vario-System ist in wenigen Sekunden montiert und sofort einsatzbereit.<br \/>Es sind keine Justier- oder andere Einbauarbeiten notwendig.<\/span><\/p>\n<p>\t<iframe loading=\"lazy\" src=\"https:\/\/www.youtube-nocookie.com\/embed\/y9-S1zAUrqM\" height=\"315\" width=\"420\" allowfullscreen=\"\" frameborder=\"0\"><\/iframe>\n<\/div>\n<div style=\"float: left; width: 310px; vertical-align: middle;\">\n\t<img loading=\"lazy\" decoding=\"async\" style=\"vertical-align: middle;\" class=\"alignnone size-full wp-image-535\" alt=\"produkte_camotec_1\" src=\"http:\/\/www.tormaxx.de\/wp-content\/uploads\/2013\/05\/produkte_camotec_1.png\" width=\"270\" height=\"282\" \/><br \/>\n\t<img loading=\"lazy\" decoding=\"async\" style=\"vertical-align: middle;\" class=\"alignnone size-full wp-image-545\" alt=\"figure_title\" src=\"http:\/\/www.tormaxx.de\/wp-content\/uploads\/2013\/03\/figure_title.png\" width=\"12\" height=\"8\" \/><span>Unkomplizierte und schnelle Montage<\/span><\/p>\n<p>\t<img loading=\"lazy\" decoding=\"async\" style=\"vertical-align: middle;\" class=\"alignnone size-full wp-image-533\" style=\"margin-top: 5px;\" alt=\"produkte-camotec_2\" src=\"http:\/\/www.tormaxx.de\/wp-content\/uploads\/2013\/05\/produkte_camotec_2.png\" width=\"270\" height=\"282\" \/><br \/>\n\t<img loading=\"lazy\" decoding=\"async\" style=\"vertical-align: middle;\" class=\"alignnone size-full wp-image-545\" alt=\"figure_title\" src=\"http:\/\/www.tormaxx.de\/wp-content\/uploads\/2013\/03\/figure_title.png\" width=\"12\" height=\"8\" \/><span>Einfache Bet\u00e4tigung des patentierten Nadelkissens<\/span><\/p>\n<p>\t<img loading=\"lazy\" decoding=\"async\" style=\"vertical-align: middle;\" class=\"alignnone size-full wp-image-534\" style=\"margin-top: 5px;\" alt=\"produkte_camotec_3\" src=\"http:\/\/www.tormaxx.de\/wp-content\/uploads\/2013\/05\/produkte_camotec_3.png\" width=\"270\" height=\"638\" \/><br \/>\n\t<img loading=\"lazy\" decoding=\"async\" style=\"vertical-align: middle;\" class=\"alignnone size-full wp-image-545\" alt=\"figure_title\" src=\"http:\/\/www.tormaxx.de\/wp-content\/uploads\/2013\/03\/figure_title.png\" width=\"12\" height=\"8\" \/><span>Camotec Vario mit CMS-V100<\/span><\/p>\n<\/div>\n","protected":false},"excerpt":{"rendered":"<p>CAMOTEC VARIO Im Einsatz garantiert auf der sicheren Seite! Einfache Handhabung T\u00dcV gepr\u00fcfte Sicherheit In Sekunden einsatzbereit Unbegrenzte Mobilit\u00e4t Montage in fast allen Fahrzeugen m\u00f6glich Optimale Installation vor Ort Das Camotec Vario-System ist in wenigen Sekunden montiert und sofort einsatzbereit.Es sind keine Justier- oder andere Einbauarbeiten notwendig. Unkomplizierte und schnelle Montage Einfache Bet\u00e4tigung des patentierten Nadelkissens Camotec Vario mit CMS-V100<\/p>\n","protected":false},"author":1,"featured_media":0,"parent":0,"menu_order":0,"comment_status":"open","ping_status":"open","template":"page-fullwidth.php","meta":{"footnotes":""},"class_list":["post-1255","page","type-page","status-publish","hentry"],"_links":{"self":[{"href":"http:\/\/www.tormaxx.de\/index.php?rest_route=\/wp\/v2\/pages\/1255","targetHints":{"allow":["GET"]}}],"collection":[{"href":"http:\/\/www.tormaxx.de\/index.php?rest_route=\/wp\/v2\/pages"}],"about":[{"href":"http:\/\/www.tormaxx.de\/index.php?rest_route=\/wp\/v2\/types\/page"}],"author":[{"embeddable":true,"href":"http:\/\/www.tormaxx.de\/index.php?rest_route=\/wp\/v2\/users\/1"}],"replies":[{"embeddable":true,"href":"http:\/\/www.tormaxx.de\/index.php?rest_route=%2Fwp%2Fv2%2Fcomments&post=1255"}],"version-history":[{"count":6,"href":"http:\/\/www.tormaxx.de\/index.php?rest_route=\/wp\/v2\/pages\/1255\/revisions"}],"predecessor-version":[{"id":1390,"href":"http:\/\/www.tormaxx.de\/index.php?rest_route=\/wp\/v2\/pages\/1255\/revisions\/1390"}],"wp:attachment":[{"href":"http:\/\/www.tormaxx.de\/index.php?rest_route=%2Fwp%2Fv2%2Fmedia&parent=1255"}],"curies":[{"name":"wp","href":"https:\/\/api.w.org\/{rel}","templated":true}]}}