{"id":1338,"date":"2014-02-27T09:32:24","date_gmt":"2014-02-27T08:32:24","guid":{"rendered":"http:\/\/www.tormaxx.de\/?page_id=1338"},"modified":"2014-04-10T13:04:29","modified_gmt":"2014-04-10T12:04:29","slug":"cms-camotec-s-01","status":"publish","type":"page","link":"http:\/\/www.tormaxx.de\/?page_id=1338","title":{"rendered":"CMS &#8211; Camotec S-01"},"content":{"rendered":"<div style=\"float: left; width: 630px;\">\n<h1>Camotec S-01<\/h1>\n<h3>TORMAXX Halterungssystem f\u00fcr alle g\u00e4ngigen Tablets und Fahrzeuge<\/h3>\n<p>Der neue TORMAXX <b>Camotec S-01<\/b> ist die Referenz f\u00fcr die Installation von IT in Fahrzeugen der Klasse N. Basierend auf dem tausendfach bew\u00e4hrten TORMAXX Camotec Vario, besticht das System durch <b>perfektes Handling<\/b> und <b>ausgezeichnete Ergonomie<\/b>. Die enorm kompakte Bauweise des <b>Camotec S-01<\/b> erm\u00f6glicht die Installation an der Mittelkonsole des Fahrzeugs und gew\u00e4hrt dem Fahrzeugf\u00fchrer <b>uneingeschr\u00e4nkte Einstellm\u00f6glichkeiten<\/b>. Somit kann das System individuell abgestimmt werden und entspricht h\u00f6chsten ergonomischen Anforderungen. Der TORMAXX <b>Camotec S-01<\/b> tr\u00e4gt so ma\u00dfgeblich zum effizienten Workflow im mobilen Au\u00dfendienst Ihrer Flotte bei. <b>Der erfolgreiche Airbag-Test beim T\u00dcV Rheinland<\/b> sowie die <b>ECE 17-konforme Sicherheitspr\u00fcfung<\/b> bescheinigen dem TORMAXX <b>Camotec S-01<\/b> zudem ein <b>H\u00f6chstma\u00df an Sicherheit<\/b>, auf die Sie sich verlassen k\u00f6nnen.<\/p>\n<h3>Die Vorteile des TORMAXX Camotec S-01 auf einen Blick:<\/h3>\n<p><\/p>\n<ul>\n<li>T\u00dcV gepr\u00fcfte Sicherheit<\/li>\n<li>Ergonomisches Arbeiten<\/li>\n<li>Erf\u00fcllen h\u00f6chster Sicherheitsstandards<\/li>\n<li>Einfache Einhand-Bedienung<\/li>\n<li>Montage in nahezu allen Fahrzeugtypen m\u00f6glich<\/li>\n<li>Optimale Installation vor Ort<\/li>\n<li>Beifahrer kann im Fahrzeug mitfahren<\/li>\n<\/ul>\n<p><\/p>\n<h3>Lieferumfang:<\/h3>\n<ul>\n<li>Camotec S-01 Standfu\u00df<\/li>\n<li>TORMAXX FES (Fahrzeugspezifisch)<\/li>\n<li>Tablethalter (Ger\u00e4tespezifisch)<\/li>\n<\/ul>\n<\/div>\n<div style=\"float: left; width: 310px; vertical-align: middle; text-align: right;\"><img decoding=\"async\" class=\"alignnone size-full wp-image-535\" style=\"vertical-align: middle;\" alt=\"produkte_camotec_1\" src=\"http:\/\/www.tormaxx.de\/wp-content\/uploads\/2013\/03\/tx_cs01_panasonic.jpg\" width=\"270\" \/><\/p>\n<div style=\"text-align: left; padding-left: 39px; margin-top: -25px;\"><img loading=\"lazy\" decoding=\"async\" class=\"alignnone size-full wp-image-545\" style=\"vertical-align: middle;\" alt=\"figure_title\" src=\"http:\/\/www.tormaxx.de\/wp-content\/uploads\/2013\/03\/figure_title.png\" width=\"12\" height=\"8\" \/><span>Camotec S01 mit Panasonic Halter<\/span><\/div>\n<p><img decoding=\"async\" class=\"alignnone size-full wp-image-533\" style=\"margin-top: 15px;\" alt=\"produkte-camotec_2\" src=\"http:\/\/www.tormaxx.de\/wp-content\/uploads\/2013\/03\/tx_cs01_motion.jpg\" width=\"270\" \/><\/p>\n<div style=\"text-align: left; padding-left: 39px; margin-top: -25px;\"><img loading=\"lazy\" decoding=\"async\" class=\"alignnone size-full wp-image-545\" style=\"vertical-align: middle;\" alt=\"figure_title\" src=\"http:\/\/www.tormaxx.de\/wp-content\/uploads\/2013\/03\/figure_title.png\" width=\"12\" height=\"8\" \/><span>Camotec S01 mit Motion Halter<\/span><\/div>\n<p><img decoding=\"async\" class=\"alignnone size-full wp-image-534\" style=\"margin-top: 15px;\" alt=\"produkte_camotec_3\" src=\"http:\/\/www.tormaxx.de\/wp-content\/uploads\/2013\/03\/tx_cs01_getac.jpg\" width=\"270\" \/><\/p>\n<div style=\"text-align: left; padding-left: 39px; margin-top: -25px;\"><img loading=\"lazy\" decoding=\"async\" class=\"alignnone size-full wp-image-545\" style=\"vertical-align: middle;\" alt=\"figure_title\" src=\"http:\/\/www.tormaxx.de\/wp-content\/uploads\/2013\/03\/figure_title.png\" width=\"12\" height=\"8\" \/><span>Camotec S01 mit Getac Halter<\/span><\/div>\n<\/div>\n","protected":false},"excerpt":{"rendered":"<p>Camotec S-01 TORMAXX Halterungssystem f\u00fcr alle g\u00e4ngigen Tablets und Fahrzeuge Der neue TORMAXX Camotec S-01 ist die Referenz f\u00fcr die Installation von IT in Fahrzeugen der Klasse N. Basierend auf dem tausendfach bew\u00e4hrten TORMAXX Camotec Vario, besticht das System durch perfektes Handling und ausgezeichnete Ergonomie. Die enorm kompakte Bauweise des Camotec S-01 erm\u00f6glicht die Installation an der Mittelkonsole des Fahrzeugs&nbsp;<a href=\"http:\/\/www.tormaxx.de\/?page_id=1338\" class=\"read-more\">Continue Reading<\/a><\/p>\n","protected":false},"author":1,"featured_media":0,"parent":0,"menu_order":0,"comment_status":"open","ping_status":"open","template":"page-fullwidth.php","meta":{"footnotes":""},"class_list":["post-1338","page","type-page","status-publish","hentry"],"_links":{"self":[{"href":"http:\/\/www.tormaxx.de\/index.php?rest_route=\/wp\/v2\/pages\/1338","targetHints":{"allow":["GET"]}}],"collection":[{"href":"http:\/\/www.tormaxx.de\/index.php?rest_route=\/wp\/v2\/pages"}],"about":[{"href":"http:\/\/www.tormaxx.de\/index.php?rest_route=\/wp\/v2\/types\/page"}],"author":[{"embeddable":true,"href":"http:\/\/www.tormaxx.de\/index.php?rest_route=\/wp\/v2\/users\/1"}],"replies":[{"embeddable":true,"href":"http:\/\/www.tormaxx.de\/index.php?rest_route=%2Fwp%2Fv2%2Fcomments&post=1338"}],"version-history":[{"count":7,"href":"http:\/\/www.tormaxx.de\/index.php?rest_route=\/wp\/v2\/pages\/1338\/revisions"}],"predecessor-version":[{"id":1420,"href":"http:\/\/www.tormaxx.de\/index.php?rest_route=\/wp\/v2\/pages\/1338\/revisions\/1420"}],"wp:attachment":[{"href":"http:\/\/www.tormaxx.de\/index.php?rest_route=%2Fwp%2Fv2%2Fmedia&parent=1338"}],"curies":[{"name":"wp","href":"https:\/\/api.w.org\/{rel}","templated":true}]}}