{"id":1378,"date":"2014-02-27T10:56:12","date_gmt":"2014-02-27T09:56:12","guid":{"rendered":"http:\/\/www.tormaxx.de\/?page_id=1378"},"modified":"2014-02-27T10:56:12","modified_gmt":"2014-02-27T09:56:12","slug":"navmaxx-n1","status":"publish","type":"page","link":"http:\/\/www.tormaxx.de\/?page_id=1378","title":{"rendered":"Navmaxx N1"},"content":{"rendered":"<div style=\"float: left; width: 630px;\">\n<h1>Navmaxx N1<\/h1>\n<h3>Zielf\u00fchrende Navigation<\/h3>\n<p><\/p>\n<ul>\n<li>Fahrspurassistenz und realistische Darstellung von Autobahnkreuzen<\/li>\n<li>Umweltzonen werden ber\u00fccksichtigt<\/li>\n<li>Ber\u00fccksichtigung von verschiedensten LKW Beschr\u00e4nkungen<\/li>\n<li>Integration individueller POI, sowie Linien und Fl\u00e4chendaten<\/li>\n<li>Navmaxx API zur Integration in Unternehmensl\u00f6sung<\/li>\n<li>Kompatibel zu Windows und Android<\/li>\n<\/ul>\n<p><span>TORMAXX Navigationsl\u00f6sung <b>Navmaxx N1<\/b> f\u00fcr Windows und Android<\/span><\/p>\n<p>Mit der <b>Navmaxx N1<\/b> liefert TORMAXX eine Navigationsl\u00f6sung die auf die <b>Anforderungen von Unternehmen hin optimiert<\/b> wurde. Neben den \u00fcblichen Navigationsfunktionen bietet <b>Navmaxx N1<\/b> weitere Komfortfunktionen wie einen <b>Fahrspurassistenten<\/b>, die <b>realistische Darstellung von Autobahnkreuzen und Abfahrten<\/b> oder auch die M\u00f6glichkeit sich <b>alternative Routen zum Ziel<\/b> vorschlagen zu lassen. Ebenfalls wird die immer gr\u00f6\u00dfer werdende Anzahl von <b>Umweltzonen<\/b> bei der Navigation ber\u00fccksichtigt.<\/p>\n<p>F\u00fcr Unternehmen mit einer Flotte <b>unterschiedlicher Fahrzeuge<\/b> gibt es die M\u00f6glichkeit in der <b>Navmaxx N1 Truck<\/b> die <b>genauen Fahrzeugdaten<\/b> abzulegen um von vorne herein Strecken zu vermeiden, die das Fahrzeug aufgrund vom Gewicht oder der Abmessungen nicht befahren darf. Dar\u00fcber hinaus ber\u00fccksichtigt <b>Navmaxx N1 Truck<\/b> weitere LKW spezifische Merkmale wie Durchfahrtssperren und den Transport von Gefahrg\u00fctern bei der Berechnung der Route.<\/p>\n<p><b>Individuelle POI<\/b> k\u00f6nnen genauso integriert werden wir auch <b>Linien und Fl\u00e4chendaten als visuelle Overlays<\/b>. So lassen sich auf einfache Weise wichtige Information wie Versorgungsleitungen oder <b>spezielle Bereiche in der Navigation<\/b> abbilden.<\/p>\n<p>Die Zieleingabe kann klassisch \u00fcber die Eingabe am Navigationsger\u00e4t oder als Auswahl aus den Favoriten erfolgen, es ist aber auch m\u00f6glich \u00fcber die <b>Navmaxx API die Adress\u00fcbergabe<br \/>\nund weitere Funktionen direkt aus der eigenen Unternehmenssoftware zu steuern.<\/b><\/p>\n<p><b>Navmaxx N1<\/b> steht f\u00fcr die Betriebssysteme Windows XP und neuer, Windows CE und Android 2.3 und neuer in 19 Sprachen zur Verf\u00fcgung. Sie k\u00f6nnen <b>Navmaxx N1<\/b> als Einzel- sowie als Unternehmensl\u00f6sung einsetzen und bei den Kartendaten k\u00f6nnen Sie zwischen einzelnen Landesversionen oder der Europaversion w\u00e4hlen.<\/p>\n<\/div>\n<div style=\"float: left; width: 310px; vertical-align: middle; text-align: right;\"><img decoding=\"async\" class=\"alignnone size-full wp-image-535\" style=\"vertical-align: middle;\" alt=\"produkte_camotec_1\" src=\"http:\/\/www.tormaxx.de\/wp-content\/uploads\/2013\/03\/small_maptrip_01.jpg\" width=\"270\" \/><\/p>\n<div style=\"text-align: left; padding-left: 39px; margin-top: -25px;\"><img loading=\"lazy\" decoding=\"async\" class=\"alignnone size-full wp-image-545\" style=\"vertical-align: middle;\" alt=\"figure_title\" src=\"http:\/\/www.tormaxx.de\/wp-content\/uploads\/2013\/03\/figure_title.png\" width=\"12\" height=\"8\" \/><span>Navigations\u00fcbersicht<\/span><\/div>\n<p><img decoding=\"async\" class=\"alignnone size-full wp-image-533\" style=\"margin-top: 15px;\" alt=\"produkte-camotec_2\" src=\"http:\/\/www.tormaxx.de\/wp-content\/uploads\/2013\/03\/small_maptrip_02.jpg\" width=\"270\" \/><\/p>\n<div style=\"text-align: left; padding-left: 39px; margin-top: -25px;\"><img loading=\"lazy\" decoding=\"async\" class=\"alignnone size-full wp-image-545\" style=\"vertical-align: middle;\" alt=\"figure_title\" src=\"http:\/\/www.tormaxx.de\/wp-content\/uploads\/2013\/03\/figure_title.png\" width=\"12\" height=\"8\" \/><span>Alternative Routenf\u00fchrung<\/span><\/div>\n<p><img decoding=\"async\" class=\"alignnone size-full wp-image-534\" style=\"margin-top: 15px;\" alt=\"produkte_camotec_3\" src=\"http:\/\/www.tormaxx.de\/wp-content\/uploads\/2013\/03\/small_maptrip_03.jpg\" width=\"270\" \/><\/p>\n<div style=\"text-align: left; padding-left: 39px; margin-top: -25px;\"><img loading=\"lazy\" decoding=\"async\" class=\"alignnone size-full wp-image-545\" style=\"vertical-align: middle;\" alt=\"figure_title\" src=\"http:\/\/www.tormaxx.de\/wp-content\/uploads\/2013\/03\/figure_title.png\" width=\"12\" height=\"8\" \/><span>Realistische Darstellung Autobahnkreuz<\/span><\/div>\n<p><img decoding=\"async\" class=\"alignnone size-full wp-image-534\" style=\"margin-top: 15px;\" alt=\"produkte_camotec_3\" src=\"http:\/\/www.tormaxx.de\/wp-content\/uploads\/2013\/03\/small_maptrip_04.jpg\" width=\"270\" \/><\/p>\n<div style=\"text-align: left; padding-left: 39px; margin-top: -25px;\"><img loading=\"lazy\" decoding=\"async\" class=\"alignnone size-full wp-image-545\" style=\"vertical-align: middle;\" alt=\"figure_title\" src=\"http:\/\/www.tormaxx.de\/wp-content\/uploads\/2013\/03\/figure_title.png\" width=\"12\" height=\"8\" \/><span>Verschiedene M\u00f6glichkeiten der Zieleingabe<\/span><\/div>\n<\/div>\n","protected":false},"excerpt":{"rendered":"<p>Navmaxx N1 Zielf\u00fchrende Navigation Fahrspurassistenz und realistische Darstellung von Autobahnkreuzen Umweltzonen werden ber\u00fccksichtigt Ber\u00fccksichtigung von verschiedensten LKW Beschr\u00e4nkungen Integration individueller POI, sowie Linien und Fl\u00e4chendaten Navmaxx API zur Integration in Unternehmensl\u00f6sung Kompatibel zu Windows und Android TORMAXX Navigationsl\u00f6sung Navmaxx N1 f\u00fcr Windows und Android Mit der Navmaxx N1 liefert TORMAXX eine Navigationsl\u00f6sung die auf die Anforderungen von Unternehmen hin optimiert&nbsp;<a href=\"http:\/\/www.tormaxx.de\/?page_id=1378\" class=\"read-more\">Continue Reading<\/a><\/p>\n","protected":false},"author":1,"featured_media":0,"parent":0,"menu_order":0,"comment_status":"open","ping_status":"open","template":"page-fullwidth.php","meta":{"footnotes":""},"class_list":["post-1378","page","type-page","status-publish","hentry"],"_links":{"self":[{"href":"http:\/\/www.tormaxx.de\/index.php?rest_route=\/wp\/v2\/pages\/1378","targetHints":{"allow":["GET"]}}],"collection":[{"href":"http:\/\/www.tormaxx.de\/index.php?rest_route=\/wp\/v2\/pages"}],"about":[{"href":"http:\/\/www.tormaxx.de\/index.php?rest_route=\/wp\/v2\/types\/page"}],"author":[{"embeddable":true,"href":"http:\/\/www.tormaxx.de\/index.php?rest_route=\/wp\/v2\/users\/1"}],"replies":[{"embeddable":true,"href":"http:\/\/www.tormaxx.de\/index.php?rest_route=%2Fwp%2Fv2%2Fcomments&post=1378"}],"version-history":[{"count":5,"href":"http:\/\/www.tormaxx.de\/index.php?rest_route=\/wp\/v2\/pages\/1378\/revisions"}],"predecessor-version":[{"id":1383,"href":"http:\/\/www.tormaxx.de\/index.php?rest_route=\/wp\/v2\/pages\/1378\/revisions\/1383"}],"wp:attachment":[{"href":"http:\/\/www.tormaxx.de\/index.php?rest_route=%2Fwp%2Fv2%2Fmedia&parent=1378"}],"curies":[{"name":"wp","href":"https:\/\/api.w.org\/{rel}","templated":true}]}}