{"id":1513,"date":"2021-10-18T12:45:11","date_gmt":"2021-10-18T11:45:11","guid":{"rendered":"http:\/\/www.tormaxx.de\/?page_id=1513"},"modified":"2021-10-18T13:00:44","modified_gmt":"2021-10-18T12:00:44","slug":"ram-star-mount","status":"publish","type":"page","link":"http:\/\/www.tormaxx.de\/?page_id=1513","title":{"rendered":"CMS &#8211; RAM Star Mount"},"content":{"rendered":"<div style=\"float: left; width: 630px;\">\n<h1>RAM Star Mount<\/h1>\n<h3>KFZ-Einbaukonsole zur Befestigung von Haltersystemen f\u00fcr iPads, Tablets und MDE-Ger\u00e4ten. <\/h3>\n<p>&nbsp;<\/p>\n<ul>\n<li>T\u00dcV-Zulassung f\u00fcr den Einbau in Fahrzeugen<\/li>\n<li>BG-konform, entspricht der Anforderung an sichere Betriebsmittel<\/li>\n<li>Kompatibel zu vielen Halteranbauten<\/li>\n<li>Unschlagbares Preis-Leistungs Verh\u00e4ltnis<\/li>\n<li>Minimale Einbaukosten durch vorinstallierte Komponenten<\/li>\n<li>Einsetzbar in allen Fahrzeugen mit DIN-Schacht<\/li>\n<li>Montage und R\u00fcckbau ohne Bearbeitung oder Besch\u00e4digungen am Fahrzeug<\/li>\n<li>Wiederverwendbar, da f\u00fcr alle Fahrzeugtypen kompatibel<\/li>\n<\/ul>\n<p>Die TORMAXX-Einbaukonsole Ram-Star-Mount ist die professionelle L\u00f6sung f\u00fcr den Einbau von KFZ-Halterungen f\u00fcr Tablet-PCs, Smartphones und Handhelds in Fahrzeugen mit DIN-Schacht.<br \/>\nDie RAM-Star-Mount-Einbaukonsole ist ultrakompakt und wird in den DIN Schacht des Fahrzeugs mit einer patentierten Spreizmechanik in wenigen Minuten montiert. Durch die zentrale Anordnung in der Mitte der Armaturentafel ist alles in Reichweite des Nutzers, das Ergebnis ist eine hervorragende Ergonomie bei der Bedienung.<\/p>\n<p>Mit dem Einbau der RAM-Star-Mount-Einbaukonsole sind Sie auf der sicheren Seite. T\u00dcV- und BG-Richtlinien werden in allen Punkten erf\u00fcllt. Durch die patentierte Spreiztechnik ist die RAM- Star-Mount Einbaukonsole sicher mit dem Fahrzeug verbunden. An der Montageplatte k\u00f6nnen alle g\u00e4ngigen Halter bis zu 1,85 kg befestigt werden. Mit entsprechenden Adaptierungen k\u00f6nnen mehrere Ger\u00e4te, wie z. B. Smartphone und MDE- oder Navigationsger\u00e4t, gleichzeitig an der RAM-Star-Mount-Einbaukonsole befestigt werden.\n<\/p><\/div>\n<div style=\"float: left; width: 310px; vertical-align: middle;\"><img loading=\"lazy\" decoding=\"async\" class=\"alignnone size-full wp-image-535\" style=\"vertical-align: middle;\" src=\"http:\/\/www.tormaxx.de\/wp-content\/uploads\/2021\/10\/RAM01.jpg\" alt=\"RAM Star Mount\" width=\"270\" height=\"213\" \/><br \/>\n<img loading=\"lazy\" decoding=\"async\" class=\"alignnone size-full wp-image-545\" style=\"vertical-align: middle;\" src=\"http:\/\/www.tormaxx.de\/wp-content\/uploads\/2013\/03\/figure_title.png\" alt=\"figure_title\" width=\"12\" height=\"8\" \/>F\u00fcr Fahrzeuge mit DIN-Schacht<img loading=\"lazy\" decoding=\"async\" class=\"alignnone size-full wp-image-533\" style=\"margin-top: 5px;\" src=\"http:\/\/www.tormaxx.de\/wp-content\/uploads\/2021\/10\/RAM02.jpg\" alt=\"RAM Star Mount\" width=\"270\" height=\"215\" \/><br \/>\n<img loading=\"lazy\" decoding=\"async\" class=\"alignnone size-full wp-image-545\" style=\"vertical-align: middle;\" src=\"http:\/\/www.tormaxx.de\/wp-content\/uploads\/2013\/03\/figure_title.png\" alt=\"figure_title\" width=\"12\" height=\"8\" \/>Montage und R\u00fcckbau ohne Bearbeitung oder Besch\u00e4digungen<\/p>\n<p><img loading=\"lazy\" decoding=\"async\" class=\"alignnone size-full wp-image-534\" style=\"margin-top: 5px;\" src=\"http:\/\/www.tormaxx.de\/wp-content\/uploads\/2021\/10\/RAM03.jpg\" alt=\"RAM Star Mount\" width=\"270\" height=\"203\" \/><br \/>\n<img loading=\"lazy\" decoding=\"async\" class=\"alignnone size-full wp-image-545\" style=\"vertical-align: middle;\" src=\"http:\/\/www.tormaxx.de\/wp-content\/uploads\/2013\/03\/figure_title.png\" alt=\"figure_title\" width=\"12\" height=\"8\" \/>RAM Star Mount in der Anwendung<\/p>\n<\/div>\n","protected":false},"excerpt":{"rendered":"<p>RAM Star Mount KFZ-Einbaukonsole zur Befestigung von Haltersystemen f\u00fcr iPads, Tablets und MDE-Ger\u00e4ten. &nbsp; T\u00dcV-Zulassung f\u00fcr den Einbau in Fahrzeugen BG-konform, entspricht der Anforderung an sichere Betriebsmittel Kompatibel zu vielen Halteranbauten Unschlagbares Preis-Leistungs Verh\u00e4ltnis Minimale Einbaukosten durch vorinstallierte Komponenten Einsetzbar in allen Fahrzeugen mit DIN-Schacht Montage und R\u00fcckbau ohne Bearbeitung oder Besch\u00e4digungen am Fahrzeug Wiederverwendbar, da f\u00fcr alle Fahrzeugtypen kompatibel&nbsp;<a href=\"http:\/\/www.tormaxx.de\/?page_id=1513\" class=\"read-more\">Continue Reading<\/a><\/p>\n","protected":false},"author":1,"featured_media":0,"parent":0,"menu_order":0,"comment_status":"closed","ping_status":"closed","template":"page-fullwidth.php","meta":{"footnotes":""},"class_list":["post-1513","page","type-page","status-publish","hentry"],"_links":{"self":[{"href":"http:\/\/www.tormaxx.de\/index.php?rest_route=\/wp\/v2\/pages\/1513","targetHints":{"allow":["GET"]}}],"collection":[{"href":"http:\/\/www.tormaxx.de\/index.php?rest_route=\/wp\/v2\/pages"}],"about":[{"href":"http:\/\/www.tormaxx.de\/index.php?rest_route=\/wp\/v2\/types\/page"}],"author":[{"embeddable":true,"href":"http:\/\/www.tormaxx.de\/index.php?rest_route=\/wp\/v2\/users\/1"}],"replies":[{"embeddable":true,"href":"http:\/\/www.tormaxx.de\/index.php?rest_route=%2Fwp%2Fv2%2Fcomments&post=1513"}],"version-history":[{"count":8,"href":"http:\/\/www.tormaxx.de\/index.php?rest_route=\/wp\/v2\/pages\/1513\/revisions"}],"predecessor-version":[{"id":1523,"href":"http:\/\/www.tormaxx.de\/index.php?rest_route=\/wp\/v2\/pages\/1513\/revisions\/1523"}],"wp:attachment":[{"href":"http:\/\/www.tormaxx.de\/index.php?rest_route=%2Fwp%2Fv2%2Fmedia&parent=1513"}],"curies":[{"name":"wp","href":"https:\/\/api.w.org\/{rel}","templated":true}]}}