{"id":1527,"date":"2021-10-18T14:29:58","date_gmt":"2021-10-18T13:29:58","guid":{"rendered":"http:\/\/www.tormaxx.de\/?page_id=1527"},"modified":"2021-10-18T14:29:58","modified_gmt":"2021-10-18T13:29:58","slug":"cms-tormaxx-voyager-one","status":"publish","type":"page","link":"http:\/\/www.tormaxx.de\/?page_id=1527","title":{"rendered":"CMS &#8211; Tormaxx Voyager One"},"content":{"rendered":"<div style=\"float: left; width: 630px;\">\n<h1>Tormaxx Voyager One<\/h1>\n<h3>Bluetooth Gps Receiver<\/h3>\n<p>&nbsp;<\/p>\n<ul>\n<li>Kleine, kompakte Bauform<\/li>\n<li>Unterst\u00fctzt NAVSTAR, Galileo und GLONASS<\/li>\n<li>Integrierter Akku f\u00fcr lange Laufzeit<\/li>\n<li>Ladefunktion \u00fcber USB Micro Anschlu\u00df<\/li>\n<\/ul>\n<p>Die optimale GPS-L\u00f6sung f\u00fcr Android- und Windowsbasierte Ger\u00e4te.<\/p>\n<\/div>\n<div style=\"float: left; width: 310px; vertical-align: middle;\">\n<img loading=\"lazy\" decoding=\"async\" class=\"alignnone size-full wp-image-535\" style=\"vertical-align: middle;\" src=\"http:\/\/www.tormaxx.de\/wp-content\/uploads\/2021\/10\/voyager01.jpg\" alt=\"Tormaxx Voyager One\" width=\"270\" height=\"195\" \/><br \/>\n<img loading=\"lazy\" decoding=\"async\" class=\"alignnone size-full wp-image-545\" style=\"vertical-align: middle;\" src=\"http:\/\/www.tormaxx.de\/wp-content\/uploads\/2013\/03\/figure_title.png\" alt=\"figure_title\" width=\"12\" height=\"8\" \/>Tormaxx Voyager One<br \/>\n<img loading=\"lazy\" decoding=\"async\" class=\"alignnone size-full wp-image-535\" style=\"vertical-align: middle;\" src=\"http:\/\/www.tormaxx.de\/wp-content\/uploads\/2021\/10\/voyager02.jpg\" alt=\"Tormaxx Voyager One\" width=\"270\" height=\"251\" \/><br \/>\n<img loading=\"lazy\" decoding=\"async\" class=\"alignnone size-full wp-image-545\" style=\"vertical-align: middle;\" src=\"http:\/\/www.tormaxx.de\/wp-content\/uploads\/2013\/03\/figure_title.png\" alt=\"figure_title\" width=\"12\" height=\"8\" \/>Voyager One mit TX-R803\n<\/div>\n","protected":false},"excerpt":{"rendered":"<p>Tormaxx Voyager One Bluetooth Gps Receiver &nbsp; Kleine, kompakte Bauform Unterst\u00fctzt NAVSTAR, Galileo und GLONASS Integrierter Akku f\u00fcr lange Laufzeit Ladefunktion \u00fcber USB Micro Anschlu\u00df Die optimale GPS-L\u00f6sung f\u00fcr Android- und Windowsbasierte Ger\u00e4te. Tormaxx Voyager One Voyager One mit TX-R803<\/p>\n","protected":false},"author":1,"featured_media":0,"parent":0,"menu_order":0,"comment_status":"closed","ping_status":"closed","template":"page-fullwidth.php","meta":{"footnotes":""},"class_list":["post-1527","page","type-page","status-publish","hentry"],"_links":{"self":[{"href":"http:\/\/www.tormaxx.de\/index.php?rest_route=\/wp\/v2\/pages\/1527","targetHints":{"allow":["GET"]}}],"collection":[{"href":"http:\/\/www.tormaxx.de\/index.php?rest_route=\/wp\/v2\/pages"}],"about":[{"href":"http:\/\/www.tormaxx.de\/index.php?rest_route=\/wp\/v2\/types\/page"}],"author":[{"embeddable":true,"href":"http:\/\/www.tormaxx.de\/index.php?rest_route=\/wp\/v2\/users\/1"}],"replies":[{"embeddable":true,"href":"http:\/\/www.tormaxx.de\/index.php?rest_route=%2Fwp%2Fv2%2Fcomments&post=1527"}],"version-history":[{"count":2,"href":"http:\/\/www.tormaxx.de\/index.php?rest_route=\/wp\/v2\/pages\/1527\/revisions"}],"predecessor-version":[{"id":1529,"href":"http:\/\/www.tormaxx.de\/index.php?rest_route=\/wp\/v2\/pages\/1527\/revisions\/1529"}],"wp:attachment":[{"href":"http:\/\/www.tormaxx.de\/index.php?rest_route=%2Fwp%2Fv2%2Fmedia&parent=1527"}],"curies":[{"name":"wp","href":"https:\/\/api.w.org\/{rel}","templated":true}]}}