{"id":1533,"date":"2021-10-18T14:26:40","date_gmt":"2021-10-18T13:26:40","guid":{"rendered":"http:\/\/www.tormaxx.de\/?page_id=1533"},"modified":"2021-10-18T14:27:06","modified_gmt":"2021-10-18T13:27:06","slug":"cms-t-mount","status":"publish","type":"page","link":"http:\/\/www.tormaxx.de\/?page_id=1533","title":{"rendered":"CMS &#8211; T-Mount"},"content":{"rendered":"<div style=\"float: left; width: 630px;\">\n<h1>T-Mount <\/h1>\n<h3>KFZ-Haltesystem f\u00fcr Smartphones und Tablets<\/h3>\n<p>&nbsp;<\/p>\n<ul>\n<li>T\u00dcV-Zulassung f\u00fcr den Einbau in Fahrzeugen<\/li>\n<li>Einfaches Einlegen und herausnehmen des Ger\u00e4tes<\/li>\n<li>Einhandbedienung<\/li>\n<li>Kugelgelenk zur optimalen Ausrichtung<\/li>\n<li>Perfekt geeignet zur Verwendung am RAM Star Mount<\/li>\n<li>Material: Aluminium und ABS<\/li>\n<\/ul>\n<p>Der T-Mount ist ein flexibles Halterungskonzept f\u00fcr Smartphones und Tablets und l\u00e4sst sich problemlos an fast alle Ger\u00e4te anpassen.<br \/>\nAuch die Kombination mit Wireless Charging ist m\u00f6glich und wurde bereits realisiert.\n<\/p><\/div>\n<div style=\"float: left; width: 310px; vertical-align: middle;\">\n<img loading=\"lazy\" decoding=\"async\" class=\"alignnone size-full wp-image-535\" style=\"vertical-align: middle;\" src=\"http:\/\/www.tormaxx.de\/wp-content\/uploads\/2021\/10\/t-mount01.jpg\" alt=\"Tormaxx T-Mount\" width=\"270\" height=\"342\" \/><br \/>\n<img loading=\"lazy\" decoding=\"async\" class=\"alignnone size-full wp-image-545\" style=\"vertical-align: middle;\" src=\"http:\/\/www.tormaxx.de\/wp-content\/uploads\/2013\/03\/figure_title.png\" alt=\"figure_title\" width=\"12\" height=\"8\" \/>Tormaxx T-Mount<img loading=\"lazy\" decoding=\"async\" class=\"alignnone size-full wp-image-533\" style=\"margin-top: 5px;\" src=\"http:\/\/www.tormaxx.de\/wp-content\/uploads\/2021\/10\/t-mount02.jpg\" alt=\"Tormaxx T-Mount\" width=\"270\" height=\"342\" \/><br \/>\n<img loading=\"lazy\" decoding=\"async\" class=\"alignnone size-full wp-image-545\" style=\"vertical-align: middle;\" src=\"http:\/\/www.tormaxx.de\/wp-content\/uploads\/2013\/03\/figure_title.png\" alt=\"figure_title\" width=\"12\" height=\"8\" \/>T-Mount mit eingelegtem TX-R803<\/p>\n<\/div>\n","protected":false},"excerpt":{"rendered":"<p>T-Mount KFZ-Haltesystem f\u00fcr Smartphones und Tablets &nbsp; T\u00dcV-Zulassung f\u00fcr den Einbau in Fahrzeugen Einfaches Einlegen und herausnehmen des Ger\u00e4tes Einhandbedienung Kugelgelenk zur optimalen Ausrichtung Perfekt geeignet zur Verwendung am RAM Star Mount Material: Aluminium und ABS Der T-Mount ist ein flexibles Halterungskonzept f\u00fcr Smartphones und Tablets und l\u00e4sst sich problemlos an fast alle Ger\u00e4te anpassen. Auch die Kombination mit Wireless&nbsp;<a href=\"http:\/\/www.tormaxx.de\/?page_id=1533\" class=\"read-more\">Continue Reading<\/a><\/p>\n","protected":false},"author":1,"featured_media":0,"parent":0,"menu_order":0,"comment_status":"closed","ping_status":"closed","template":"page-fullwidth.php","meta":{"footnotes":""},"class_list":["post-1533","page","type-page","status-publish","hentry"],"_links":{"self":[{"href":"http:\/\/www.tormaxx.de\/index.php?rest_route=\/wp\/v2\/pages\/1533","targetHints":{"allow":["GET"]}}],"collection":[{"href":"http:\/\/www.tormaxx.de\/index.php?rest_route=\/wp\/v2\/pages"}],"about":[{"href":"http:\/\/www.tormaxx.de\/index.php?rest_route=\/wp\/v2\/types\/page"}],"author":[{"embeddable":true,"href":"http:\/\/www.tormaxx.de\/index.php?rest_route=\/wp\/v2\/users\/1"}],"replies":[{"embeddable":true,"href":"http:\/\/www.tormaxx.de\/index.php?rest_route=%2Fwp%2Fv2%2Fcomments&post=1533"}],"version-history":[{"count":4,"href":"http:\/\/www.tormaxx.de\/index.php?rest_route=\/wp\/v2\/pages\/1533\/revisions"}],"predecessor-version":[{"id":1537,"href":"http:\/\/www.tormaxx.de\/index.php?rest_route=\/wp\/v2\/pages\/1533\/revisions\/1537"}],"wp:attachment":[{"href":"http:\/\/www.tormaxx.de\/index.php?rest_route=%2Fwp%2Fv2%2Fmedia&parent=1533"}],"curies":[{"name":"wp","href":"https:\/\/api.w.org\/{rel}","templated":true}]}}