{"id":25,"date":"2013-02-19T15:30:54","date_gmt":"2013-02-19T13:30:54","guid":{"rendered":"http:\/\/213.164.158.4\/tormaxx\/?page_id=25"},"modified":"2019-07-02T14:06:45","modified_gmt":"2019-07-02T13:06:45","slug":"impressum","status":"publish","type":"page","link":"http:\/\/www.tormaxx.de\/?page_id=25","title":{"rendered":"Impressum"},"content":{"rendered":"<p>TORMAXX<sup>&reg;<\/sup> GmbH<br \/>\nOppelner Stra\u00dfe 6<br \/>\n41199 M\u00f6nchengladbach<br \/>\nDeutschland<\/p>\n<p>Tel.: +49 (0) 21 66 \/ 68 26-0<br \/>\nFax: +49 (0) 21 66 \/ 68 26-26<br \/>\nE-Mail: <a href=\"mailto:info@tormaxx.de\">info@tormaxx.de<\/a><\/p>\n<p>Gesch\u00e4ftsf\u00fchrer: Hubert Koch<\/p>\n<p>Registergericht: Amtsgericht M\u00f6nchengladbach<br \/>\nRegisternummer: HRB 6820<br \/>\nUmsatzsteuer-Identifikationsnummer gem\u00e4\u00df \u00a7 27 a Umsatzsteuergesetz: DE813328937<\/p>\n","protected":false},"excerpt":{"rendered":"<p>TORMAXX&reg; GmbH Oppelner Stra\u00dfe 6 41199 M\u00f6nchengladbach Deutschland Tel.: +49 (0) 21 66 \/ 68 26-0 Fax: +49 (0) 21 66 \/ 68 26-26 E-Mail: info@tormaxx.de Gesch\u00e4ftsf\u00fchrer: Hubert Koch Registergericht: Amtsgericht M\u00f6nchengladbach Registernummer: HRB 6820 Umsatzsteuer-Identifikationsnummer gem\u00e4\u00df \u00a7 27 a Umsatzsteuergesetz: DE813328937<\/p>\n","protected":false},"author":1,"featured_media":0,"parent":0,"menu_order":0,"comment_status":"open","ping_status":"open","template":"page-fullwidth.php","meta":{"footnotes":""},"class_list":["post-25","page","type-page","status-publish","hentry"],"_links":{"self":[{"href":"http:\/\/www.tormaxx.de\/index.php?rest_route=\/wp\/v2\/pages\/25","targetHints":{"allow":["GET"]}}],"collection":[{"href":"http:\/\/www.tormaxx.de\/index.php?rest_route=\/wp\/v2\/pages"}],"about":[{"href":"http:\/\/www.tormaxx.de\/index.php?rest_route=\/wp\/v2\/types\/page"}],"author":[{"embeddable":true,"href":"http:\/\/www.tormaxx.de\/index.php?rest_route=\/wp\/v2\/users\/1"}],"replies":[{"embeddable":true,"href":"http:\/\/www.tormaxx.de\/index.php?rest_route=%2Fwp%2Fv2%2Fcomments&post=25"}],"version-history":[{"count":8,"href":"http:\/\/www.tormaxx.de\/index.php?rest_route=\/wp\/v2\/pages\/25\/revisions"}],"predecessor-version":[{"id":1469,"href":"http:\/\/www.tormaxx.de\/index.php?rest_route=\/wp\/v2\/pages\/25\/revisions\/1469"}],"wp:attachment":[{"href":"http:\/\/www.tormaxx.de\/index.php?rest_route=%2Fwp%2Fv2%2Fmedia&parent=25"}],"curies":[{"name":"wp","href":"https:\/\/api.w.org\/{rel}","templated":true}]}}