{"id":29,"date":"2013-02-19T15:33:13","date_gmt":"2013-02-19T13:33:13","guid":{"rendered":"http:\/\/213.164.158.4\/tormaxx\/?page_id=29"},"modified":"2013-05-06T12:21:36","modified_gmt":"2013-05-06T11:21:36","slug":"datenschutz","status":"publish","type":"page","link":"http:\/\/www.tormaxx.de\/?page_id=29","title":{"rendered":"Datenschutz"},"content":{"rendered":"<h1>Datenschutz<\/h1>\n<p>Wir freuen uns, dass Sie unsere Website besuchen und bedanken uns f&uuml;r<br \/>\nIhr Interesse an unserem Unternehmen und unseren Produkten. Der Schutz Ihrer Privatsph&auml;re bei der<br \/>\nNutzung unserer Webseiten ist uns wichtig. Daher nehmen Sie bitte nachstehende Informationen zur<br \/>\nKenntnis:\n<\/p>\n<h2>1) Erhebung, Verarbeitung und Nutzung personenbezogener Daten <\/h2>\n<p>Sie k&ouml;nnen unsere Webseiten grunds&auml;tzlich besuchen, ohne dass wir<br \/>\npersonenbezogene Daten von Ihnen erheben. Personenbezogene Daten werden nur erhoben, wenn Sie uns<br \/>\ndiese von sich aus zur Durchf&uuml;hrung eines Vertrages, bei der Er&ouml;ffnung eines Kundenkontos oder im<br \/>\nRahmen der Kontaktaufnahme mitteilen. Diese Daten werden ohne Ihre ausdr&uuml;ckliche Einwilligung<br \/>\njeweils allein zur Vertragsabwicklung und Bearbeitung Ihrer Anfragen genutzt. Nach vollst&auml;ndiger<br \/>\nAbwicklung des Vertrages werden Ihre Daten mit R&uuml;cksicht auf steuer- und handelsrechtliche<br \/>\nAufbewahrungsfristen gespeichert, nach Ablauf dieser Fristen jedoch gel&ouml;scht.\n<\/p>\n<h2>2) Weitergabe personenbezogener Daten <\/h2>\n<p>Die von uns erhobenen personenbezogenen Daten werden im Rahmen der<br \/>\nVertragsabwicklung an das mit der Lieferung beauftragte Transportunternehmen weitergegeben, soweit<br \/>\ndies zur Lieferung der Ware erforderlich ist.\n<\/p>\n<h2>3) Cookies <\/h2>\n<p>Diese Website nutzt so genannte \u201eCookies\u201c, welche dazu dienen,<br \/>\nunsere Internetpr&auml;senz insgesamt nutzerfreundlicher, effektiver sowie sicherer zu machen \u2013 etwa<br \/>\nwenn es darum geht, das Navigieren auf unserer Website zu beschleunigen. Zudem versetzen uns Cookies<br \/>\nin die Lage, die H&auml;ufigkeit von Seitenaufrufen und die allgemeine Navigation zu messen. Bei Cookies<br \/>\nhandelt es sich um kleine Textdateien, die auf Ihrem Computersystem abgelegt werden. Wir weisen Sie<br \/>\ndarauf hin, dass einige dieser Cookies von unserem Server auf Ihr Computersystem &uuml;berspielt werden,<br \/>\nwobei es sich dabei meist um so genannte &#8222;Session-Cookies &#8220; handelt. \u201eSession-Cookies\u201c zeichnen<br \/>\nsich dadurch aus, dass diese automatisch nach Ende der Browser-Sitzung wieder von Ihrer Festplatte<br \/>\ngel&ouml;scht werden. Andere Cookies verbleiben auf Ihrem Computersystem und erm&ouml;glichen es uns, Ihr<br \/>\nComputersystem bei Ihrem n&auml;chsten Besuch wieder zu erkennen (sog. dauerhafte Cookies).<br \/>\nSelbstverst&auml;ndlich k&ouml;nnen Sie Cookies jederzeit ablehnen, sofern Ihr Browser dies zul&auml;sst. Bitte<br \/>\nbeachten Sie, dass bestimmte Funktionen dieser Website m&ouml;glicherweise nicht oder nur eingeschr&auml;nkt<br \/>\ngenutzt werden k&ouml;nnen, wenn Ihr Browser so eingestellt ist, dass keine Cookies (unserer Website)<br \/>\nangenommen werden.\n<\/p>\n<h2>4) Informationen zu den Rechten des Kunden und Kontakte <\/h2>\n<p>Sie haben ein Recht auf unentgeltliche Auskunft &uuml;ber Ihre<br \/>\ngespeicherten Daten sowie ggf. ein Recht auf Berichtigung, Sperrung oder L&ouml;schung dieser Daten.<br \/>\nWenn Sie weitere Fragen zur Erhebung, Verarbeitung oder Nutzung Ihrer personenbezogenen Daten haben,<br \/>\nkontaktieren Sie uns bitte. Gleiches gilt f&uuml;r Ausk&uuml;nfte, Sperrung, L&ouml;schungs- und<br \/>\nBerichtigungsw&uuml;nsche hinsichtlich Ihrer personenbezogenen Daten sowie f&uuml;r Widerrufe erteilter<br \/>\nEinwilligungen. Die Kontaktadresse finden Sie in unserem Impressum.\n<\/p>\n<h2>5) Datenschutzerkl\u00e4rung wegen der Verwendung von Google Analytics<\/h2>\n<p>Diese Website benutzt Google Analytics, einen Webanalysedienst der Google Inc. (\u201eGoogle\u201c). Google Analytics verwendet sog. \u201eCookies\u201c, Textdateien, die auf Ihrem Computer gespeichert werden und die eine Analyse der Benutzung der Website durch Sie erm\u00f6glichen. Die durch den Cookie erzeugten Informationen \u00fcber Ihre Benutzung dieser Website werden in der Regel an einen Server von Google in den USA \u00fcbertragen und dort gespeichert.<\/p>\n<p>Im Falle der Aktivierung der IP-Anonymisierung auf dieser Webseite, wird Ihre IP-Adresse von Google jedoch innerhalb von Mitgliedstaaten der Europ\u00e4ischen Union oder in anderen Vertragsstaaten des Abkommens \u00fcber den Europ\u00e4ischen Wirtschaftsraum zuvor gek\u00fcrzt. Nur in Ausnahmef\u00e4llen wird die volle IP-Adresse an einen Server von Google in den USA \u00fcbertragen und dort gek\u00fcrzt. Die IP-Anonymisierung ist auf dieser Website aktiv. Im Auftrag des Betreibers dieser Website wird Google diese Informationen benutzen, um Ihre Nutzung der Website auszuwerten, um Reports \u00fcber die Websiteaktivit\u00e4ten zusammenzustellen und um weitere mit der Websitenutzung und der Internetnutzung verbundene Dienstleistungen gegen\u00fcber dem Websitebetreiber zu erbringen.<\/p>\n<p>Die im Rahmen von Google Analytics von Ihrem Browser \u00fcbermittelte IP-Adresse wird nicht mit anderen Daten von Google zusammengef\u00fchrt. Sie k\u00f6nnen die Speicherung der Cookies durch eine entsprechende Einstellung Ihrer Browser-Software verhindern; wir weisen Sie jedoch darauf hin, dass Sie in diesem Fall gegebenenfalls nicht s\u00e4mtliche Funktionen dieser Website vollumf\u00e4nglich werden nutzen k\u00f6nnen. Sie k\u00f6nnen dar\u00fcber hinaus die Erfassung der durch das Cookie erzeugten und auf Ihre Nutzung der Website bezogenen Daten (inkl. Ihrer IP-Adresse) an Google sowie die Verarbeitung dieser Daten durch Google verhindern, indem sie das unter dem folgenden Link verf\u00fcgbare Browser-Plugin herunterladen und installieren: <a href=\"http:\/\/tools.google.com\/dlpage\/gaoptout?hl=de\">http:\/\/tools.google.com\/dlpage\/gaoptout?hl=de<\/a>.<\/p>\n","protected":false},"excerpt":{"rendered":"<p>Datenschutz Wir freuen uns, dass Sie unsere Website besuchen und bedanken uns f&uuml;r Ihr Interesse an unserem Unternehmen und unseren Produkten. Der Schutz Ihrer Privatsph&auml;re bei der Nutzung unserer Webseiten ist uns wichtig. Daher nehmen Sie bitte nachstehende Informationen zur Kenntnis: 1) Erhebung, Verarbeitung und Nutzung personenbezogener Daten Sie k&ouml;nnen unsere Webseiten grunds&auml;tzlich besuchen, ohne dass wir personenbezogene Daten von&nbsp;<a href=\"http:\/\/www.tormaxx.de\/?page_id=29\" class=\"read-more\">Continue Reading<\/a><\/p>\n","protected":false},"author":1,"featured_media":0,"parent":0,"menu_order":0,"comment_status":"open","ping_status":"open","template":"page-fullwidth.php","meta":{"footnotes":""},"class_list":["post-29","page","type-page","status-publish","hentry"],"_links":{"self":[{"href":"http:\/\/www.tormaxx.de\/index.php?rest_route=\/wp\/v2\/pages\/29","targetHints":{"allow":["GET"]}}],"collection":[{"href":"http:\/\/www.tormaxx.de\/index.php?rest_route=\/wp\/v2\/pages"}],"about":[{"href":"http:\/\/www.tormaxx.de\/index.php?rest_route=\/wp\/v2\/types\/page"}],"author":[{"embeddable":true,"href":"http:\/\/www.tormaxx.de\/index.php?rest_route=\/wp\/v2\/users\/1"}],"replies":[{"embeddable":true,"href":"http:\/\/www.tormaxx.de\/index.php?rest_route=%2Fwp%2Fv2%2Fcomments&post=29"}],"version-history":[{"count":6,"href":"http:\/\/www.tormaxx.de\/index.php?rest_route=\/wp\/v2\/pages\/29\/revisions"}],"predecessor-version":[{"id":893,"href":"http:\/\/www.tormaxx.de\/index.php?rest_route=\/wp\/v2\/pages\/29\/revisions\/893"}],"wp:attachment":[{"href":"http:\/\/www.tormaxx.de\/index.php?rest_route=%2Fwp%2Fv2%2Fmedia&parent=29"}],"curies":[{"name":"wp","href":"https:\/\/api.w.org\/{rel}","templated":true}]}}