{"id":442,"date":"2013-03-12T13:14:47","date_gmt":"2013-03-12T12:14:47","guid":{"rendered":"http:\/\/213.164.158.4\/tormaxx\/?page_id=442"},"modified":"2013-08-02T07:43:09","modified_gmt":"2013-08-02T06:43:09","slug":"proscreen","status":"publish","type":"page","link":"http:\/\/www.tormaxx.de\/?page_id=442","title":{"rendered":"ProScreen"},"content":{"rendered":"<table border=\"0\">\n<tbody>\n<tr>\n<td><img loading=\"lazy\" decoding=\"async\" class=\"alignnone size-full wp-image-622\" alt=\"proscreen_logo_with_background\" src=\"http:\/\/www.tormaxx.de\/wp-content\/uploads\/2013\/03\/proscreen_logo_with_background1.png\" width=\"559\" height=\"108\" srcset=\"http:\/\/www.tormaxx.de\/wp-content\/uploads\/2013\/03\/proscreen_logo_with_background1.png 559w, http:\/\/www.tormaxx.de\/wp-content\/uploads\/2013\/03\/proscreen_logo_with_background1-300x57.png 300w\" sizes=\"auto, (max-width: 559px) 100vw, 559px\" \/><\/td>\n<td><\/td>\n<\/tr>\n<tr>\n<td>Die TORMAXX<sup>&reg;<\/sup> GmbH begleitet seit Jahren professionelle Nutzer von Smartphones bei ihrer t\u00e4glichen Arbeit. Profitieren Sie jetzt von unserer Erfahrung. Schutzfolien sind f\u00fcr die Funktion der modernen Smartphone-<br \/>\nund Tabletdisplays eine sinnvolle Erg\u00e4nzung und gleichzeitig ein Schutz f\u00fcr die empfindliche Glasoberfl\u00e4che.<br \/>\nUnsere Displayfolien verbessern die Eigenschaften entscheidend und sind f\u00fcr den Einsatz in Fahrzeugen optimiert. Dabei werden die Displayoberfl\u00e4chen wirkungsvoll vor Besch\u00e4digungen gesch\u00fctzt.<\/td>\n<td><\/td>\n<\/tr>\n<tr>\n<td colspan=\"2\">\u00a0<img loading=\"lazy\" decoding=\"async\" class=\"alignnone size-full wp-image-671\" alt=\"proscreen_spacer\" src=\"http:\/\/www.tormaxx.de\/wp-content\/uploads\/2013\/03\/proscreen_spacer.png\" width=\"1\" height=\"20\" \/><\/td>\n<\/tr>\n<tr>\n<td><b style=\"color: #ffffff; font-size: 14pt;\">ProScreen iPad Displayschutzfolien Tutorial<\/b><\/td>\n<td><\/td>\n<\/tr>\n<tr>\n<td><iframe loading=\"lazy\" src=\"https:\/\/www.youtube-nocookie.com\/embed\/I4ixtutO53U\" height=\"315\" width=\"560\" allowfullscreen=\"\" frameborder=\"0\"><\/iframe><\/td>\n<td style=\"text-align: right;\"><img loading=\"lazy\" decoding=\"async\" class=\"alignnone size-full wp-image-628\" alt=\"folientypen\" src=\"http:\/\/www.tormaxx.de\/wp-content\/uploads\/2013\/03\/folientypen.png\" width=\"341\" height=\"322\" srcset=\"http:\/\/www.tormaxx.de\/wp-content\/uploads\/2013\/03\/folientypen.png 341w, http:\/\/www.tormaxx.de\/wp-content\/uploads\/2013\/03\/folientypen-300x283.png 300w\" sizes=\"auto, (max-width: 341px) 100vw, 341px\" \/><\/td>\n<\/tr>\n<tr>\n<td colspan=\"2\">\u00a0<img loading=\"lazy\" decoding=\"async\" class=\"alignnone size-full wp-image-671\" alt=\"proscreen_spacer\" src=\"http:\/\/www.tormaxx.de\/wp-content\/uploads\/2013\/03\/proscreen_spacer.png\" width=\"1\" height=\"20\" \/><\/td>\n<\/tr>\n<tr>\n<td><b style=\"color: #ffffff; font-size: 14pt;\">ProScreen iPhone 5 Displayschutzfolie Tutorial<\/b><\/td>\n<\/tr>\n<tr>\n<td><iframe loading=\"lazy\" src=\"https:\/\/www.youtube-nocookie.com\/embed\/8YcArhgKmUs\" height=\"315\" width=\"560\" allowfullscreen=\"\" frameborder=\"0\"><\/iframe><\/td>\n<td style=\"text-align: right;\"><img loading=\"lazy\" decoding=\"async\" class=\"alignnone size-full wp-image-654\" alt=\"proscreen_verpackung\" src=\"http:\/\/www.tormaxx.de\/wp-content\/uploads\/2013\/03\/proscreen_verpackung.png\" width=\"275\" height=\"317\" srcset=\"http:\/\/www.tormaxx.de\/wp-content\/uploads\/2013\/03\/proscreen_verpackung.png 275w, http:\/\/www.tormaxx.de\/wp-content\/uploads\/2013\/03\/proscreen_verpackung-260x300.png 260w\" sizes=\"auto, (max-width: 275px) 100vw, 275px\" \/><\/td>\n<\/tr>\n<\/tbody>\n<\/table>\n","protected":false},"excerpt":{"rendered":"<p>Die TORMAXX&reg; GmbH begleitet seit Jahren professionelle Nutzer von Smartphones bei ihrer t\u00e4glichen Arbeit. Profitieren Sie jetzt von unserer Erfahrung. Schutzfolien sind f\u00fcr die Funktion der modernen Smartphone- und Tabletdisplays eine sinnvolle Erg\u00e4nzung und gleichzeitig ein Schutz f\u00fcr die empfindliche Glasoberfl\u00e4che. Unsere Displayfolien verbessern die Eigenschaften entscheidend und sind f\u00fcr den Einsatz in Fahrzeugen optimiert. Dabei werden die Displayoberfl\u00e4chen wirkungsvoll&nbsp;<a href=\"http:\/\/www.tormaxx.de\/?page_id=442\" class=\"read-more\">Continue Reading<\/a><\/p>\n","protected":false},"author":1,"featured_media":0,"parent":0,"menu_order":0,"comment_status":"open","ping_status":"open","template":"page-fullwidth.php","meta":{"footnotes":""},"class_list":["post-442","page","type-page","status-publish","hentry"],"_links":{"self":[{"href":"http:\/\/www.tormaxx.de\/index.php?rest_route=\/wp\/v2\/pages\/442","targetHints":{"allow":["GET"]}}],"collection":[{"href":"http:\/\/www.tormaxx.de\/index.php?rest_route=\/wp\/v2\/pages"}],"about":[{"href":"http:\/\/www.tormaxx.de\/index.php?rest_route=\/wp\/v2\/types\/page"}],"author":[{"embeddable":true,"href":"http:\/\/www.tormaxx.de\/index.php?rest_route=\/wp\/v2\/users\/1"}],"replies":[{"embeddable":true,"href":"http:\/\/www.tormaxx.de\/index.php?rest_route=%2Fwp%2Fv2%2Fcomments&post=442"}],"version-history":[{"count":38,"href":"http:\/\/www.tormaxx.de\/index.php?rest_route=\/wp\/v2\/pages\/442\/revisions"}],"predecessor-version":[{"id":1013,"href":"http:\/\/www.tormaxx.de\/index.php?rest_route=\/wp\/v2\/pages\/442\/revisions\/1013"}],"wp:attachment":[{"href":"http:\/\/www.tormaxx.de\/index.php?rest_route=%2Fwp%2Fv2%2Fmedia&parent=442"}],"curies":[{"name":"wp","href":"https:\/\/api.w.org\/{rel}","templated":true}]}}