{"id":572,"date":"2013-03-13T14:48:35","date_gmt":"2013-03-13T13:48:35","guid":{"rendered":"http:\/\/213.164.158.4\/tormaxx\/?page_id=572"},"modified":"2013-10-29T15:15:00","modified_gmt":"2013-10-29T14:15:00","slug":"kunden-2","status":"publish","type":"page","link":"http:\/\/www.tormaxx.de\/?page_id=572","title":{"rendered":"Kunden"},"content":{"rendered":"<h1>Kundenbereich<\/h1>\n<h3>Service f\u00fcr unsere Kunden<\/h3>\n<p>Im Kundenbereich finden Sie zus\u00e4tzliche Informationen und Dokumente \u00fcber Ihr erworbenes Produkt bei der TORMAXX<sup>&reg;<\/sup> GmbH.<\/p>\n<p><strong>Wie bekomme ich meine Zugangsdaten?<\/strong><\/p>\n<p>Nachdem Sie bei uns ein Produkt erworben haben, k\u00f6nnen Sie Ihre Zugangsdaten per E-Mail anfordern. Sollten Sie bereits Kunde von TORMAXX<sup>&reg;<\/sup> sein und noch keine Zugangsdaten erhalten haben, dann kontaktieren Sie uns bitte. Wir senden Ihre Daten dann umgehend zu.<\/p>\n<p><a title=\"Bitte melden Sie sich an.\" href=\"http:\/\/www.tormaxx.de\/wp-login.php\">Bitte melden Sie sich an hier an!<\/a><\/p>\n","protected":false},"excerpt":{"rendered":"<p>Kundenbereich Service f\u00fcr unsere Kunden Im Kundenbereich finden Sie zus\u00e4tzliche Informationen und Dokumente \u00fcber Ihr erworbenes Produkt bei der TORMAXX&reg; GmbH. Wie bekomme ich meine Zugangsdaten? Nachdem Sie bei uns ein Produkt erworben haben, k\u00f6nnen Sie Ihre Zugangsdaten per E-Mail anfordern. Sollten Sie bereits Kunde von TORMAXX&reg; sein und noch keine Zugangsdaten erhalten haben, dann kontaktieren Sie uns bitte. Wir&nbsp;<a href=\"http:\/\/www.tormaxx.de\/?page_id=572\" class=\"read-more\">Continue Reading<\/a><\/p>\n","protected":false},"author":1,"featured_media":0,"parent":0,"menu_order":0,"comment_status":"open","ping_status":"open","template":"page-fullwidth.php","meta":{"footnotes":""},"class_list":["post-572","page","type-page","status-publish","hentry"],"_links":{"self":[{"href":"http:\/\/www.tormaxx.de\/index.php?rest_route=\/wp\/v2\/pages\/572","targetHints":{"allow":["GET"]}}],"collection":[{"href":"http:\/\/www.tormaxx.de\/index.php?rest_route=\/wp\/v2\/pages"}],"about":[{"href":"http:\/\/www.tormaxx.de\/index.php?rest_route=\/wp\/v2\/types\/page"}],"author":[{"embeddable":true,"href":"http:\/\/www.tormaxx.de\/index.php?rest_route=\/wp\/v2\/users\/1"}],"replies":[{"embeddable":true,"href":"http:\/\/www.tormaxx.de\/index.php?rest_route=%2Fwp%2Fv2%2Fcomments&post=572"}],"version-history":[{"count":25,"href":"http:\/\/www.tormaxx.de\/index.php?rest_route=\/wp\/v2\/pages\/572\/revisions"}],"predecessor-version":[{"id":1300,"href":"http:\/\/www.tormaxx.de\/index.php?rest_route=\/wp\/v2\/pages\/572\/revisions\/1300"}],"wp:attachment":[{"href":"http:\/\/www.tormaxx.de\/index.php?rest_route=%2Fwp%2Fv2%2Fmedia&parent=572"}],"curies":[{"name":"wp","href":"https:\/\/api.w.org\/{rel}","templated":true}]}}