{"id":68,"date":"2013-02-19T16:36:01","date_gmt":"2013-02-19T15:36:01","guid":{"rendered":"http:\/\/213.164.158.4\/tormaxx\/?page_id=68"},"modified":"2019-07-02T14:12:51","modified_gmt":"2019-07-02T13:12:51","slug":"karriere","status":"publish","type":"page","link":"http:\/\/www.tormaxx.de\/?page_id=68","title":{"rendered":"Karriere"},"content":{"rendered":"<h1>Karriere<\/h1>\n<h3>Wir geben Ihnen eine Zukunft.<\/h3>\n<p>Wir suchen Mitarbeiter die zu unserem Gesch\u00e4ft passen. Deshalb suchen wir Menschen, die neben fachlicher und sozialer Kompetenz ein gro\u00dfes Ma\u00df an Bodenst\u00e4ndigkeit und Realit\u00e4tssinn mitbringen. Sie sollten Spa\u00df an der Leistung haben, klar in der Sache und eine starke Pers\u00f6nlichkeit sein. Spannende Einsatzfelder und gro\u00dfe Herausforderungen erwarten Sie.<\/p>\n<p><span style=\"color: #ffffff;\">Was wir von unseren Mitarbeitern erwarten:<\/span><\/p>\n<ul>\n<li>Flexibilit\u00e4t<\/li>\n<li>ein gepflegtes \u00c4u\u00dferes<\/li>\n<li>Teamst\u00e4rke<\/li>\n<li>Einsatzbereitschaft<\/li>\n<li>Kommunikationsst\u00e4rke<\/li>\n<li>Selbstst\u00e4ndigkeit<\/li>\n<\/ul>\n<p><span style=\"color: #ffffff;\">Was erm\u00f6glicht Ihnen das Unternehmen TORMAXX<sup>&reg;<\/sup> GmbH:<\/span><\/p>\n<ul>\n<li>ein sehr gutes Betriebsklima<\/li>\n<li>Vielf\u00e4ltige und interessante Arbeitsgebiete und T\u00e4tigkeitsfelder<\/li>\n<li>Ideenreichtum<\/li>\n<\/ul>\n<p><!--<span style=\"color: #ffffff;\">Welche Stellenangebote wir zurzeit zu vergeben haben:<\/span>\n\n\n<ul>\n\t\n\n<li><a href=\"http:\/\/www.tormaxx.de\/?page_id=1091\">Vertriebsmitarbeiter (m\/w)<\/a><\/li>\n\n\n<\/ul>\n\n\n\nWenn Sie sich f\u00fcr eines unserer Stellenangebote interessieren, bewerben Sie sich bitte\n\u00fcber die in der Ausschreibung angebene Kontaktm\u00f6glichkeit.\n--><br \/>\n<span style=\"color: #ffffff;\"><br \/>\nTel.: 0 21 66 \/ 68 26-0<br \/>\nE-Mail: info@tormaxx.de<br \/>\n<\/span><\/p>\n","protected":false},"excerpt":{"rendered":"<p>Karriere Wir geben Ihnen eine Zukunft. Wir suchen Mitarbeiter die zu unserem Gesch\u00e4ft passen. Deshalb suchen wir Menschen, die neben fachlicher und sozialer Kompetenz ein gro\u00dfes Ma\u00df an Bodenst\u00e4ndigkeit und Realit\u00e4tssinn mitbringen. Sie sollten Spa\u00df an der Leistung haben, klar in der Sache und eine starke Pers\u00f6nlichkeit sein. Spannende Einsatzfelder und gro\u00dfe Herausforderungen erwarten Sie. Was wir von unseren Mitarbeitern&nbsp;<a href=\"http:\/\/www.tormaxx.de\/?page_id=68\" class=\"read-more\">Continue Reading<\/a><\/p>\n","protected":false},"author":1,"featured_media":0,"parent":0,"menu_order":0,"comment_status":"open","ping_status":"open","template":"page-fullwidth.php","meta":{"footnotes":""},"class_list":["post-68","page","type-page","status-publish","hentry"],"_links":{"self":[{"href":"http:\/\/www.tormaxx.de\/index.php?rest_route=\/wp\/v2\/pages\/68","targetHints":{"allow":["GET"]}}],"collection":[{"href":"http:\/\/www.tormaxx.de\/index.php?rest_route=\/wp\/v2\/pages"}],"about":[{"href":"http:\/\/www.tormaxx.de\/index.php?rest_route=\/wp\/v2\/types\/page"}],"author":[{"embeddable":true,"href":"http:\/\/www.tormaxx.de\/index.php?rest_route=\/wp\/v2\/users\/1"}],"replies":[{"embeddable":true,"href":"http:\/\/www.tormaxx.de\/index.php?rest_route=%2Fwp%2Fv2%2Fcomments&post=68"}],"version-history":[{"count":22,"href":"http:\/\/www.tormaxx.de\/index.php?rest_route=\/wp\/v2\/pages\/68\/revisions"}],"predecessor-version":[{"id":1476,"href":"http:\/\/www.tormaxx.de\/index.php?rest_route=\/wp\/v2\/pages\/68\/revisions\/1476"}],"wp:attachment":[{"href":"http:\/\/www.tormaxx.de\/index.php?rest_route=%2Fwp%2Fv2%2Fmedia&parent=68"}],"curies":[{"name":"wp","href":"https:\/\/api.w.org\/{rel}","templated":true}]}}