{"id":70,"date":"2013-02-19T16:36:47","date_gmt":"2013-02-19T15:36:47","guid":{"rendered":"http:\/\/213.164.158.4\/tormaxx\/?page_id=70"},"modified":"2020-07-13T11:26:38","modified_gmt":"2020-07-13T10:26:38","slug":"referenzen","status":"publish","type":"page","link":"http:\/\/www.tormaxx.de\/?page_id=70","title":{"rendered":"Referenzen"},"content":{"rendered":"<h1>Referenzen<\/h1>\n<h3>Unternehmen, die von unserem Know-how profitieren.<\/h3>\n<div><span style=\"font-size: 10pt;\">Jeder Kunde hat seine speziellen Anforderungen &#8211; wir liefern keine Einheitspakete, sondern jeder einzelne Kunde bekommt exakt die f\u00fcr seine Anwendungen ma\u00dfgeschneiderte L\u00f6sung.<\/span><\/div>\n<div style=\"margin-top: 20px;\"><span style=\"font-size: 10pt; color: #ffffff;\">Folgende Unternehmen nutzen die L\u00f6sungskompetenz der TORMAXX<sup>\u00ae<\/sup> GmbH:<\/span><\/div>\n<p>&nbsp;<\/p>\n<table>\n<tbody>\n<tr>\n<td style=\"padding: 6px; width: 176px; height: 176px; background-image: url('http:\/\/www.tormaxx.de\/wp-content\/uploads\/2013\/09\/bg_ref_white.png'); background-repeat: no-repeat; background-position: 50% 50%;\"><a href=\"http:\/\/www.oowv.de\" target=\"_blank\" rel=\"noopener noreferrer\"><img decoding=\"async\" src=\"http:\/\/www.tormaxx.de\/wp-content\/uploads\/2013\/09\/ref_oowv.png\" \/><\/a><\/td>\n<td style=\"padding: 6px; width: 176px; height: 176px; background-image: url('http:\/\/www.tormaxx.de\/wp-content\/uploads\/2013\/09\/bg_ref_white.png'); background-repeat: no-repeat; background-position: 50% 50%;\"><center><a href=\"http:\/\/www.open-grid-europe.com\" target=\"_blank\" rel=\"noopener noreferrer\"><img decoding=\"async\" src=\"http:\/\/www.tormaxx.de\/wp-content\/uploads\/2013\/09\/ref_oge.png\" \/><\/a><\/center><\/td>\n<td style=\"padding: 6px; width: 176px; height: 176px; background-image: url('http:\/\/www.tormaxx.de\/wp-content\/uploads\/2013\/09\/bg_ref_white.png'); background-repeat: no-repeat; background-position: 50% 50%;\"><a href=\"http:\/\/www.bofrost.de\" target=\"_blank\" rel=\"noopener noreferrer\"><img decoding=\"async\" src=\"http:\/\/www.tormaxx.de\/wp-content\/uploads\/2013\/09\/ref_bofrost.png\" \/><\/a><\/td>\n<td style=\"padding: 6px; width: 176px; height: 176px; background-image: url('http:\/\/www.tormaxx.de\/wp-content\/uploads\/2013\/09\/bg_ref_white.png'); background-repeat: no-repeat; background-position: 50% 50%;\"><a href=\"http:\/\/www.pwa-electronic.de\" target=\"_blank\" rel=\"noopener noreferrer\"><img decoding=\"async\" src=\"http:\/\/www.tormaxx.de\/wp-content\/uploads\/2013\/09\/ref_pwa.png\" \/><\/a><\/td>\n<td style=\"padding: 6px; width: 176px; height: 176px; background-image: url('http:\/\/www.tormaxx.de\/wp-content\/uploads\/2013\/09\/bg_ref_white.png'); background-repeat: no-repeat; background-position: 50% 50%;\"><a href=\"http:\/\/www.volkswagen.de\" target=\"_blank\" rel=\"noopener noreferrer\"><img decoding=\"async\" src=\"http:\/\/www.tormaxx.de\/wp-content\/uploads\/2013\/09\/ref_vw.png\" \/><\/a><\/td>\n<\/tr>\n<tr>\n<td style=\"padding: 6px; width: 176px; height: 176px; background-image: url('http:\/\/www.tormaxx.de\/wp-content\/uploads\/2013\/09\/bg_ref_white.png'); background-repeat: no-repeat; background-position: 50% 50%;\"><a href=\"http:\/\/www.innogy.com\" target=\"_blank\" rel=\"noopener noreferrer\"><img decoding=\"async\" src=\"http:\/\/www.tormaxx.de\/wp-content\/uploads\/2013\/09\/ref_innogy.png\" \/><\/a><\/td>\n<td style=\"padding: 6px; width: 176px; height: 176px; background-image: url('http:\/\/www.tormaxx.de\/wp-content\/uploads\/2013\/09\/bg_ref_white.png'); background-repeat: no-repeat; background-position: 50% 50%;\"><a href=\"http:\/\/www.bwm.de\" target=\"_blank\" rel=\"noopener noreferrer\"><img decoding=\"async\" src=\"http:\/\/www.tormaxx.de\/wp-content\/uploads\/2013\/09\/ref_bmw.png\" \/><\/a><\/td>\n<td style=\"padding: 6px; width: 176px; height: 176px; background-image: url('http:\/\/www.tormaxx.de\/wp-content\/uploads\/2013\/09\/bg_ref_white.png'); background-repeat: no-repeat; background-position: 50% 50%;\"><a href=\"http:\/\/www.panasonic.com\" target=\"_blank\" rel=\"noopener noreferrer\"><img decoding=\"async\" src=\"http:\/\/www.tormaxx.de\/wp-content\/uploads\/2013\/09\/ref_panasonic.png\" \/><\/a><\/td>\n<td style=\"padding: 6px; width: 176px; height: 176px; background-image: url('http:\/\/www.tormaxx.de\/wp-content\/uploads\/2013\/09\/bg_ref_white.png'); background-repeat: no-repeat; background-position: 50% 50%;\"><a href=\"http:\/\/www.mercedes-benz.de\" target=\"_blank\" rel=\"noopener noreferrer\"><img decoding=\"async\" src=\"http:\/\/www.tormaxx.de\/wp-content\/uploads\/2013\/09\/ref_mercedes.png\" \/><\/a><\/td>\n<td style=\"padding: 6px; width: 176px; height: 176px; background-image: url('http:\/\/www.tormaxx.de\/wp-content\/uploads\/2013\/09\/bg_ref_white.png'); background-repeat: no-repeat; background-position: 50% 50%;\"><a href=\"http:\/\/www.rww.de\" target=\"_blank\" rel=\"noopener noreferrer\"><img decoding=\"async\" src=\"http:\/\/www.tormaxx.de\/wp-content\/uploads\/2013\/09\/ref_rww.png\" \/><\/a><\/td>\n<\/tr>\n<tr>\n<td style=\"padding: 6px; width: 176px; height: 176px; background-image: url('http:\/\/www.tormaxx.de\/wp-content\/uploads\/2013\/09\/bg_ref_white.png'); background-repeat: no-repeat; background-position: 50% 50%;\"><a href=\"http:\/\/www.rwe.com\" target=\"_blank\" rel=\"noopener noreferrer\"><img decoding=\"async\" src=\"http:\/\/www.tormaxx.de\/wp-content\/uploads\/2013\/09\/ref_rwe.png\" \/><\/a><\/td>\n<td style=\"padding: 6px; width: 176px; height: 176px; background-image: url('http:\/\/www.tormaxx.de\/wp-content\/uploads\/2013\/09\/bg_ref_white.png'); background-repeat: no-repeat; background-position: 50% 50%;\"><a href=\"http:\/\/www.telekom.de\" target=\"_blank\" rel=\"noopener noreferrer\"><img decoding=\"async\" src=\"http:\/\/www.tormaxx.de\/wp-content\/uploads\/2013\/09\/ref_telekom.png\" \/><\/a><\/td>\n<td style=\"padding: 6px; width: 176px; height: 176px; background-image: url('http:\/\/www.tormaxx.de\/wp-content\/uploads\/2013\/09\/bg_ref_white.png'); background-repeat: no-repeat; background-position: 50% 50%;\"><a href=\"http:\/\/www.fraport.de\" target=\"_blank\" rel=\"noopener noreferrer\"><img decoding=\"async\" src=\"http:\/\/www.tormaxx.de\/wp-content\/uploads\/2013\/09\/ref_fraport.png\" \/><\/a><\/td>\n<td style=\"padding: 6px; width: 176px; height: 176px; background-image: url('http:\/\/www.tormaxx.de\/wp-content\/uploads\/2013\/09\/bg_ref_white.png'); background-repeat: no-repeat; background-position: 50% 50%;\"><a href=\"http:\/\/www.http:\/\/www.continental-reifen.de\" target=\"_blank\" rel=\"noopener noreferrer\"><img decoding=\"async\" src=\"http:\/\/www.tormaxx.de\/wp-content\/uploads\/2013\/09\/ref_conti.png\" \/><\/a><\/td>\n<td style=\"padding: 6px; width: 176px; height: 176px; background-image: url('http:\/\/www.tormaxx.de\/wp-content\/uploads\/2013\/09\/bg_ref_white.png'); background-repeat: no-repeat; background-position: 50% 50%;\"><center><a href=\"http:\/\/www.bosch.de\" target=\"_blank\" rel=\"noopener noreferrer\"><img decoding=\"async\" src=\"http:\/\/www.tormaxx.de\/wp-content\/uploads\/2013\/09\/ref_bosch.png\" \/><\/a><\/center><\/td>\n<\/tr>\n<tr>\n<td style=\"padding: 6px; width: 176px; height: 176px; background-image: url('http:\/\/www.tormaxx.de\/wp-content\/uploads\/2013\/09\/bg_ref_white.png'); background-repeat: no-repeat; background-position: 50% 50%;\"><center><a href=\"http:\/\/www.eon-edis.com\/\" target=\"_blank\" rel=\"noopener noreferrer\"><img decoding=\"async\" src=\"http:\/\/www.tormaxx.de\/wp-content\/uploads\/2013\/09\/ref_edis.png\" \/><\/a><\/center><\/td>\n<td style=\"padding: 6px; width: 176px; height: 176px; background-image: url('http:\/\/www.tormaxx.de\/wp-content\/uploads\/2013\/09\/bg_ref_white.png'); background-repeat: no-repeat; background-position: 50% 50%;\"><center><a href=\"http:\/\/www.effertz.de\" target=\"_blank\" rel=\"noopener noreferrer\"><img decoding=\"async\" src=\"http:\/\/www.tormaxx.de\/wp-content\/uploads\/2013\/09\/ref_effertz.png\" \/><\/a><\/center><\/td>\n<td style=\"padding: 6px; width: 176px; height: 176px; background-image: url('http:\/\/www.tormaxx.de\/wp-content\/uploads\/2013\/09\/bg_ref_white.png'); background-repeat: no-repeat; background-position: 50% 50%;\"><a href=\"http:\/\/www.eon-ruhrgas.com\" target=\"_blank\" rel=\"noopener noreferrer\"><img decoding=\"async\" src=\"http:\/\/www.tormaxx.de\/wp-content\/uploads\/2013\/09\/ref_eon_rg.png\" \/><\/a><\/td>\n<td style=\"padding: 6px; width: 176px; height: 176px; background-image: url('http:\/\/www.tormaxx.de\/wp-content\/uploads\/2013\/09\/bg_ref_white.png'); background-repeat: no-repeat; background-position: 50% 50%;\"><a href=\"http:\/\/www.evl-gmbh.de\" target=\"_blank\" rel=\"noopener noreferrer\"><img decoding=\"async\" src=\"http:\/\/www.tormaxx.de\/wp-content\/uploads\/2013\/09\/ref_evl.png\" \/><\/a><\/td>\n<td style=\"padding: 6px; width: 176px; height: 176px; background-image: url('http:\/\/www.tormaxx.de\/wp-content\/uploads\/2013\/09\/bg_ref_white.png'); background-repeat: no-repeat; background-position: 50% 50%;\"><a href=\"http:\/\/www.ewe.de\" target=\"_blank\" rel=\"noopener noreferrer\"><img decoding=\"async\" src=\"http:\/\/www.tormaxx.de\/wp-content\/uploads\/2013\/09\/ref_ewe.png\" \/><\/a><\/td>\n<\/tr>\n<tr>\n<td style=\"padding: 6px; width: 176px; height: 176px; background-image: url('http:\/\/www.tormaxx.de\/wp-content\/uploads\/2013\/09\/bg_ref_white.png'); background-repeat: no-repeat; background-position: 50% 50%;\"><a href=\"http:\/\/www.avacon.de\" target=\"_blank\" rel=\"noopener noreferrer\"><img decoding=\"async\" src=\"http:\/\/www.tormaxx.de\/wp-content\/uploads\/2013\/09\/ref_avacon.png\" \/><\/a><\/td>\n<td style=\"padding: 6px; width: 176px; height: 176px; background-image: url('http:\/\/www.tormaxx.de\/wp-content\/uploads\/2013\/09\/bg_ref_white.png'); background-repeat: no-repeat; background-position: 50% 50%;\"><a href=\"http:\/\/www.lew.de\" target=\"_blank\" rel=\"noopener noreferrer\"><img decoding=\"async\" src=\"http:\/\/www.tormaxx.de\/wp-content\/uploads\/2013\/09\/ref_lew.png\" \/><\/a><\/td>\n<td style=\"padding: 6px; width: 176px; height: 176px; background-image: url('http:\/\/www.tormaxx.de\/wp-content\/uploads\/2013\/09\/bg_ref_white.png'); background-repeat: no-repeat; background-position: 50% 50%;\"><a href=\"http:\/\/www.volvo.de\" target=\"_blank\" rel=\"noopener noreferrer\"><img decoding=\"async\" src=\"http:\/\/www.tormaxx.de\/wp-content\/uploads\/2013\/09\/ref_volvo.png\" \/><\/a><\/td>\n<td style=\"padding: 6px; width: 176px; height: 176px; background-image: url('http:\/\/www.tormaxx.de\/wp-content\/uploads\/2013\/09\/bg_ref_white.png'); background-repeat: no-repeat; background-position: 50% 50%;\"><a href=\"http:\/\/www.rosenbauer.com\" target=\"_blank\" rel=\"noopener noreferrer\"><img decoding=\"async\" src=\"http:\/\/www.tormaxx.de\/wp-content\/uploads\/2013\/09\/ref_rosenbauer.png\" \/><\/a><\/td>\n<\/tr>\n<\/tbody>\n<\/table>\n","protected":false},"excerpt":{"rendered":"<p>Referenzen Unternehmen, die von unserem Know-how profitieren. Jeder Kunde hat seine speziellen Anforderungen &#8211; wir liefern keine Einheitspakete, sondern jeder einzelne Kunde bekommt exakt die f\u00fcr seine Anwendungen ma\u00dfgeschneiderte L\u00f6sung. Folgende Unternehmen nutzen die L\u00f6sungskompetenz der TORMAXX\u00ae GmbH: &nbsp;<\/p>\n","protected":false},"author":1,"featured_media":0,"parent":0,"menu_order":0,"comment_status":"open","ping_status":"open","template":"page-fullwidth.php","meta":{"footnotes":""},"class_list":["post-70","page","type-page","status-publish","hentry"],"_links":{"self":[{"href":"http:\/\/www.tormaxx.de\/index.php?rest_route=\/wp\/v2\/pages\/70","targetHints":{"allow":["GET"]}}],"collection":[{"href":"http:\/\/www.tormaxx.de\/index.php?rest_route=\/wp\/v2\/pages"}],"about":[{"href":"http:\/\/www.tormaxx.de\/index.php?rest_route=\/wp\/v2\/types\/page"}],"author":[{"embeddable":true,"href":"http:\/\/www.tormaxx.de\/index.php?rest_route=\/wp\/v2\/users\/1"}],"replies":[{"embeddable":true,"href":"http:\/\/www.tormaxx.de\/index.php?rest_route=%2Fwp%2Fv2%2Fcomments&post=70"}],"version-history":[{"count":130,"href":"http:\/\/www.tormaxx.de\/index.php?rest_route=\/wp\/v2\/pages\/70\/revisions"}],"predecessor-version":[{"id":1508,"href":"http:\/\/www.tormaxx.de\/index.php?rest_route=\/wp\/v2\/pages\/70\/revisions\/1508"}],"wp:attachment":[{"href":"http:\/\/www.tormaxx.de\/index.php?rest_route=%2Fwp%2Fv2%2Fmedia&parent=70"}],"curies":[{"name":"wp","href":"https:\/\/api.w.org\/{rel}","templated":true}]}}