{"id":72,"date":"2013-02-19T16:38:12","date_gmt":"2013-02-19T15:38:12","guid":{"rendered":"http:\/\/213.164.158.4\/tormaxx\/?page_id=72"},"modified":"2014-05-12T16:45:40","modified_gmt":"2014-05-12T15:45:40","slug":"ausbildung","status":"publish","type":"page","link":"http:\/\/www.tormaxx.de\/?page_id=72","title":{"rendered":"Ausbildung"},"content":{"rendered":"<h1>Wir bilden aus!<\/h1>\n<h3>Berufsausbildung bei TORMAXX<sup>&reg;<\/sup> GmbH<\/h3>\n<p>Ausbildung hat in unserem Betrieb einen hohen Stellenwert. Viele junge Menschen erhalten jedes Jahr eine qualifizierte Berufsausbildung bei TORMAXX<sup>&reg;<\/sup>,<br \/>denn als anerkannter Ausbildungsbetrieb sorgen wir st\u00e4ndig f\u00fcr die F\u00f6rderung des Berufs-Nachwuchses. Wir bieten Ausbildungpl\u00e4tze in folgenden Berufen:<\/p>\n<ul>\n<li>Mechatroniker\/in<\/li>\n<li>Zerspanungsmechaniker\/in<\/li>\n<li>Technische\/r Zeichner\/in<\/li>\n<li>Elektroniker\/in<\/li>\n<li>Kaufmann\/-frau f\u00fcr B\u00fcromanagement<\/li>\n<\/ul>\n<p><span>Wir laden Sie herzlich ein Ihr Berufsleben mit uns zu beginnen.<\/span><br \/>\n<span>\u00dcber die Verf\u00fcgbarkeit der Ausbildungspl\u00e4tze informieren Sie sich bitte telefonisch oder per E-Mail unter:<\/span><\/p>\n<div style=\"color: #FFFFFF;\">\nTel.: 0 21 66 \/ 68 26-0<br \/>\nE-Mail: <a href=\"mailto:info@tormaxx.de\">info@tormaxx.de<\/a>\n<\/div>\n","protected":false},"excerpt":{"rendered":"<p>Wir bilden aus! Berufsausbildung bei TORMAXX&reg; GmbH Ausbildung hat in unserem Betrieb einen hohen Stellenwert. Viele junge Menschen erhalten jedes Jahr eine qualifizierte Berufsausbildung bei TORMAXX&reg;,denn als anerkannter Ausbildungsbetrieb sorgen wir st\u00e4ndig f\u00fcr die F\u00f6rderung des Berufs-Nachwuchses. Wir bieten Ausbildungpl\u00e4tze in folgenden Berufen: Mechatroniker\/in Zerspanungsmechaniker\/in Technische\/r Zeichner\/in Elektroniker\/in Kaufmann\/-frau f\u00fcr B\u00fcromanagement Wir laden Sie herzlich ein Ihr Berufsleben mit uns&nbsp;<a href=\"http:\/\/www.tormaxx.de\/?page_id=72\" class=\"read-more\">Continue Reading<\/a><\/p>\n","protected":false},"author":1,"featured_media":0,"parent":0,"menu_order":0,"comment_status":"open","ping_status":"open","template":"page-fullwidth.php","meta":{"footnotes":""},"class_list":["post-72","page","type-page","status-publish","hentry"],"_links":{"self":[{"href":"http:\/\/www.tormaxx.de\/index.php?rest_route=\/wp\/v2\/pages\/72","targetHints":{"allow":["GET"]}}],"collection":[{"href":"http:\/\/www.tormaxx.de\/index.php?rest_route=\/wp\/v2\/pages"}],"about":[{"href":"http:\/\/www.tormaxx.de\/index.php?rest_route=\/wp\/v2\/types\/page"}],"author":[{"embeddable":true,"href":"http:\/\/www.tormaxx.de\/index.php?rest_route=\/wp\/v2\/users\/1"}],"replies":[{"embeddable":true,"href":"http:\/\/www.tormaxx.de\/index.php?rest_route=%2Fwp%2Fv2%2Fcomments&post=72"}],"version-history":[{"count":32,"href":"http:\/\/www.tormaxx.de\/index.php?rest_route=\/wp\/v2\/pages\/72\/revisions"}],"predecessor-version":[{"id":1437,"href":"http:\/\/www.tormaxx.de\/index.php?rest_route=\/wp\/v2\/pages\/72\/revisions\/1437"}],"wp:attachment":[{"href":"http:\/\/www.tormaxx.de\/index.php?rest_route=%2Fwp%2Fv2%2Fmedia&parent=72"}],"curies":[{"name":"wp","href":"https:\/\/api.w.org\/{rel}","templated":true}]}}