{"id":76,"date":"2013-02-19T16:39:43","date_gmt":"2013-02-19T15:39:43","guid":{"rendered":"http:\/\/213.164.158.4\/tormaxx\/?page_id=76"},"modified":"2013-10-29T15:08:50","modified_gmt":"2013-10-29T14:08:50","slug":"uber-uns","status":"publish","type":"page","link":"http:\/\/www.tormaxx.de\/?page_id=76","title":{"rendered":"\u00dcber Uns"},"content":{"rendered":"<h1>Unternehmen<\/h1>\n<p>Die TORMAXX<sup>&reg;<\/sup> GmbH mit Sitz in M\u00f6nchengladbach ist seit vielen Jahren Europas f\u00fchrender Entwickler und Hersteller f\u00fcr zertifizierte Halterungssysteme im Bereich IT-Technologie in Fahrzeugen. TORMAXX z\u00e4hlt namhafte Firmen wie E.ON, RWE, Fraport, Telekom oder bofrost* zu seinen Kunden.<\/p>\n<p>Unsere Kernkompetenz liegt in Entwicklung und Bau von T\u00dcV-gepr\u00fcften und KBA-zugelassenen Informationssystemen in Kraftfahrzeugen. Alle Einbauten werden unter der Ber\u00fccksichtigung von Sicherheit und Ergonomie im Fahrzeug ausgef\u00fchrt. Dabei ist es eine St\u00e4rke von TORMAXX<sup>&reg;<\/sup>, individuelle Belange der Mitarbeiter zu ber\u00fccksichtigen. <\/p>\n<p>Das f\u00fchrt zu einer breiten Akzeptanz der Systeme und dies wiederum zu der Bereitschaft, sich mit dem System zu befassen. So werden die Mitarbeiter ge\u00fcbter und routiniert in dem Umgang mit der Technik. <\/p>\n<p>Bei der Konzeption der Ger\u00e4te legen wir besonderen Wert auf robuste Ausf\u00fchrung. Die Verbindung Fahrzeug zur Fahrzeug-Halterung spielt dabei eine besonders wichtige Rolle. Durch Crash-Tests wird die Stabilit\u00e4t der Verbindungen getestet und somit die Sicherheit der Insassen garantiert.<\/p>\n<p>Am Standort in M\u00f6nchengladbach entwickeln wir mit ca. 50 Mitarbeitern kundenspezifische Systeml\u00f6sungen. Unsere eigens entwickelte Navigationsl\u00f6sung Navmaxx wird in vielen Flottenfahrzeugen genutzt und kann von unseren Entwicklern auf die speziellen Anforderungen jedes einzelnen Kunden angepasst werden.<\/p>\n<p>Die Tochterfirma iSHOXS<sup>&reg;<\/sup> wurde 2012 gegr\u00fcndet. iSHOXS<sup>&reg;<\/sup> erf\u00fcllt mit innovativen Konzepten im Halterungsbereich f\u00fcr Actioncams, Smartphones und mobilen Navigationsger\u00e4ten speziell die Erfordernisse f\u00fcr Endkunden. Hauptprodukte sind das ProMount System, das erstmals professionelle Aufnahmen mit Actioncams erm\u00f6glicht, sowie drei verschiedene Actioncam-Systeme.<\/p>\n<p>Eine Produktserie professioneller Displayschutzfolien f\u00fcr Firmen- wie auch Endkunden rundet unser Angebot ab.<\/p>\n","protected":false},"excerpt":{"rendered":"<p>Unternehmen Die TORMAXX&reg; GmbH mit Sitz in M\u00f6nchengladbach ist seit vielen Jahren Europas f\u00fchrender Entwickler und Hersteller f\u00fcr zertifizierte Halterungssysteme im Bereich IT-Technologie in Fahrzeugen. TORMAXX z\u00e4hlt namhafte Firmen wie E.ON, RWE, Fraport, Telekom oder bofrost* zu seinen Kunden. Unsere Kernkompetenz liegt in Entwicklung und Bau von T\u00dcV-gepr\u00fcften und KBA-zugelassenen Informationssystemen in Kraftfahrzeugen. Alle Einbauten werden unter der Ber\u00fccksichtigung von&nbsp;<a href=\"http:\/\/www.tormaxx.de\/?page_id=76\" class=\"read-more\">Continue Reading<\/a><\/p>\n","protected":false},"author":1,"featured_media":0,"parent":0,"menu_order":0,"comment_status":"open","ping_status":"open","template":"page-fullwidth.php","meta":{"footnotes":""},"class_list":["post-76","page","type-page","status-publish","hentry"],"_links":{"self":[{"href":"http:\/\/www.tormaxx.de\/index.php?rest_route=\/wp\/v2\/pages\/76","targetHints":{"allow":["GET"]}}],"collection":[{"href":"http:\/\/www.tormaxx.de\/index.php?rest_route=\/wp\/v2\/pages"}],"about":[{"href":"http:\/\/www.tormaxx.de\/index.php?rest_route=\/wp\/v2\/types\/page"}],"author":[{"embeddable":true,"href":"http:\/\/www.tormaxx.de\/index.php?rest_route=\/wp\/v2\/users\/1"}],"replies":[{"embeddable":true,"href":"http:\/\/www.tormaxx.de\/index.php?rest_route=%2Fwp%2Fv2%2Fcomments&post=76"}],"version-history":[{"count":12,"href":"http:\/\/www.tormaxx.de\/index.php?rest_route=\/wp\/v2\/pages\/76\/revisions"}],"predecessor-version":[{"id":1295,"href":"http:\/\/www.tormaxx.de\/index.php?rest_route=\/wp\/v2\/pages\/76\/revisions\/1295"}],"wp:attachment":[{"href":"http:\/\/www.tormaxx.de\/index.php?rest_route=%2Fwp%2Fv2%2Fmedia&parent=76"}],"curies":[{"name":"wp","href":"https:\/\/api.w.org\/{rel}","templated":true}]}}