{"id":87,"date":"2013-02-19T16:44:10","date_gmt":"2013-02-19T15:44:10","guid":{"rendered":"http:\/\/213.164.158.4\/tormaxx\/?page_id=87"},"modified":"2013-07-03T14:08:55","modified_gmt":"2013-07-03T13:08:55","slug":"abe-tuv","status":"publish","type":"page","link":"http:\/\/www.tormaxx.de\/?page_id=87","title":{"rendered":"ABE \/ T\u00dcV"},"content":{"rendered":"<h1>ABE \/ T\u00dcV-Bescheinigungen<\/h1>\n<h3>Unsere Produkte sind gepr\u00fcft<\/h3>\n<p>Unsere Produkte wurden von der T\u00dcV Rheinland Group auf Sicherheit und Qualit\u00e4t erfolgreich gepr\u00fcft. Passende Gutachten, Pr\u00fcfprotokolle \/ Berichte etc. zu unseren Produkten, finden Sie unten auf den weiterf\u00fchrenden Links.<\/p>\n<p><img loading=\"lazy\" decoding=\"async\" src=\"http:\/\/www.tormaxx.de\/wp-content\/uploads\/2013\/02\/pdf-icon.jpg\" alt=\"pdf-icon\" width=\"20\" height=\"20\" class=\"alignnone size-full wp-image-132\" \/>&nbsp;<a href=\"http:\/\/www.tormaxx.de\/wp-content\/uploads\/2013\/03\/ECE-R21GarminZUMO.pdf\" title=\"Hawk TX Pr\u00fcfprotokoll\" target=\"_blank\">Hawk TX-Garmin Zumo R21<\/a><\/p>\n<p><img loading=\"lazy\" decoding=\"async\" src=\"http:\/\/www.tormaxx.de\/wp-content\/uploads\/2013\/02\/pdf-icon.jpg\" alt=\"pdf-icon\" width=\"20\" height=\"20\" class=\"alignnone size-full wp-image-132\" \/>&nbsp;<a href=\"http:\/\/www.tormaxx.de\/wp-content\/uploads\/2013\/03\/ECE-R17GarminZUMO.pdf\" title=\"Pr\u00fcfprotokoll\" target=\"_blank\">Hawk TX-Garmin Zumo R17<\/a><\/p>\n<p><img loading=\"lazy\" decoding=\"async\" src=\"http:\/\/www.tormaxx.de\/wp-content\/uploads\/2013\/02\/pdf-icon.jpg\" alt=\"pdf-icon\" width=\"20\" height=\"20\" class=\"alignnone size-full wp-image-132\" \/>&nbsp;<a href=\"http:\/\/www.tormaxx.de\/wp-content\/uploads\/2013\/03\/Radienbeurteilung-Garmin-ZUMO.pdf\" title=\"Radienbeurteilung Garmin Zumo\" target=\"_blank\">Radienbeurteilung Garmin Zumo<\/a><\/p>\n<p><img loading=\"lazy\" decoding=\"async\" src=\"http:\/\/www.tormaxx.de\/wp-content\/uploads\/2013\/02\/pdf-icon.jpg\" alt=\"pdf-icon\" width=\"20\" height=\"20\" class=\"alignnone size-full wp-image-132\" \/>&nbsp;<a href=\"http:\/\/www.tormaxx.de\/wp-content\/uploads\/2013\/03\/Tormaxx_CamotecVario-S.pdf\" title=\"T\u00dcV-Gutachten Camotec Vario-S\" target=\"_blank\">T\u00dcV-Gutachten Camotec Vario-S<\/a><\/p>\n<p><img loading=\"lazy\" decoding=\"async\" src=\"http:\/\/www.tormaxx.de\/wp-content\/uploads\/2013\/02\/pdf-icon.jpg\" alt=\"pdf-icon\" width=\"20\" height=\"20\" class=\"alignnone size-full wp-image-132\" \/>&nbsp;<a href=\"http:\/\/www.tormaxx.de\/wp-content\/uploads\/2013\/03\/tuevbericht.pdf\" title=\"T\u00dcV-Bericht 10. August 2007\" target=\"_blank\">T\u00dcV-Bericht 10. August 2007 CMS-CF 08 \/ 19<\/a><br \/>\n<span style=\"margin-left: 23px;\">Passwort f\u00fcr die Datei lautet: maxx<\/span><\/p>\n","protected":false},"excerpt":{"rendered":"<p>ABE \/ T\u00dcV-Bescheinigungen Unsere Produkte sind gepr\u00fcft Unsere Produkte wurden von der T\u00dcV Rheinland Group auf Sicherheit und Qualit\u00e4t erfolgreich gepr\u00fcft. Passende Gutachten, Pr\u00fcfprotokolle \/ Berichte etc. zu unseren Produkten, finden Sie unten auf den weiterf\u00fchrenden Links. &nbsp;Hawk TX-Garmin Zumo R21 &nbsp;Hawk TX-Garmin Zumo R17 &nbsp;Radienbeurteilung Garmin Zumo &nbsp;T\u00dcV-Gutachten Camotec Vario-S &nbsp;T\u00dcV-Bericht 10. August 2007 CMS-CF 08 \/ 19 Passwort&nbsp;<a href=\"http:\/\/www.tormaxx.de\/?page_id=87\" class=\"read-more\">Continue Reading<\/a><\/p>\n","protected":false},"author":1,"featured_media":0,"parent":0,"menu_order":0,"comment_status":"open","ping_status":"open","template":"page-fullwidth.php","meta":{"footnotes":""},"class_list":["post-87","page","type-page","status-publish","hentry"],"_links":{"self":[{"href":"http:\/\/www.tormaxx.de\/index.php?rest_route=\/wp\/v2\/pages\/87","targetHints":{"allow":["GET"]}}],"collection":[{"href":"http:\/\/www.tormaxx.de\/index.php?rest_route=\/wp\/v2\/pages"}],"about":[{"href":"http:\/\/www.tormaxx.de\/index.php?rest_route=\/wp\/v2\/types\/page"}],"author":[{"embeddable":true,"href":"http:\/\/www.tormaxx.de\/index.php?rest_route=\/wp\/v2\/users\/1"}],"replies":[{"embeddable":true,"href":"http:\/\/www.tormaxx.de\/index.php?rest_route=%2Fwp%2Fv2%2Fcomments&post=87"}],"version-history":[{"count":29,"href":"http:\/\/www.tormaxx.de\/index.php?rest_route=\/wp\/v2\/pages\/87\/revisions"}],"predecessor-version":[{"id":1063,"href":"http:\/\/www.tormaxx.de\/index.php?rest_route=\/wp\/v2\/pages\/87\/revisions\/1063"}],"wp:attachment":[{"href":"http:\/\/www.tormaxx.de\/index.php?rest_route=%2Fwp%2Fv2%2Fmedia&parent=87"}],"curies":[{"name":"wp","href":"https:\/\/api.w.org\/{rel}","templated":true}]}}